{"id":8683,"date":"2023-09-04T16:12:39","date_gmt":"2023-09-04T14:12:39","guid":{"rendered":"https:\/\/www.trendefelipeii.com\/es\/?page_id=8683"},"modified":"2023-09-05T10:03:08","modified_gmt":"2023-09-05T08:03:08","slug":"viajes-a-medida","status":"publish","type":"page","link":"https:\/\/www.trendefelipeii.com\/es\/viajes-a-medida\/","title":{"rendered":"Viajes a medida"},"content":{"rendered":"\n<div class=\"custom-trip\" id=\"viajeamedida\">\n<div class=\"columns trip-info-and-form\">\n<div class=\"column info\">\n<h3><span style=\"color: #C7D301\">Viaje<\/span> a medida<\/h3>\n<h5>\n<p>\u00bfTienes un evento familiar o de empresa? \u00bfQuieres ser original? Organ\u00edzalo con nosotros. Nos adaptamos a tus necesidades. Podr\u00e1s reservar desde un departamento, hasta un coche completo o incluso todo el tren. Y en el trayecto que t\u00fa elijas.<\/p>\n<\/h5>\n<\/div>\n<div class=\"column custom-trip-form\">\n<noscript class=\"ninja-forms-noscript-message\">\n\tAviso: Se requiere JavaScript para este contenido.<\/noscript>\n<div id=\"nf-form-2-cont\" class=\"nf-form-cont\" aria-live=\"polite\" aria-labelledby=\"nf-form-title-2\" aria-describedby=\"nf-form-errors-2\" role=\"form\">\n\n    <div class=\"nf-loading-spinner\"><\/div>\n\n<\/div>\n        <!-- That data is being printed as a workaround to page builders reordering the order of the scripts loaded-->\n        <script>var formDisplay=1;var nfForms=nfForms||[];var form=[];form.id='2';form.settings={\"objectType\":\"Form Setting\",\"editActive\":true,\"title\":\"Solicita tu Viaje\",\"show_title\":1,\"allow_public_link\":0,\"embed_form\":\"\",\"clear_complete\":0,\"hide_complete\":1,\"default_label_pos\":\"above\",\"wrapper_class\":\"\",\"element_class\":\"\",\"key\":\"\",\"add_submit\":1,\"currency\":\"\",\"unique_field_error\":\"Ya se ha enviado un formulario con este valor.\",\"logged_in\":false,\"not_logged_in_msg\":\"\",\"sub_limit_msg\":\"Has alcanzado el l\\u00edmite de env\\u00edos en el formulario.\",\"calculations\":[],\"formContentData\":[\"firstname_1564474000117\",\"lastname_1564474002024\",\"phone_1564474003048\",\"email_1564474008763\",\"listradio_1564474158579\",\"listcheckbox_1693993941990\",\"enviar_solicitud_1564474277911\"],\"changeEmailErrorMsg\":\"Introduce una direcci\\u00f3n de correo electr\\u00f3nico v\\u00e1lida.\",\"changeDateErrorMsg\":\"\\u00a1Introduce una fecha v\\u00e1lida!\",\"confirmFieldErrorMsg\":\"Estos campos deben coincidir.\",\"fieldNumberNumMinError\":\"Error de n\\u00famero m\\u00ednimo\",\"fieldNumberNumMaxError\":\"Error de n\\u00famero m\\u00e1ximo\",\"fieldNumberIncrementBy\":\"Increm\\u00e9ntalo por \",\"formErrorsCorrectErrors\":\"Corrige los errores antes de enviar este formulario.\",\"validateRequiredField\":\"Esto es un campo obligatorio.\",\"honeypotHoneypotError\":\"Error de Honeypot\",\"fieldsMarkedRequired\":\"Los campos marcados con <span class=\\\"ninja-forms-req-symbol\\\">*<\\\/span> son obligatorios\",\"drawerDisabled\":false,\"ninjaForms\":\"Ninja Forms\",\"fieldTextareaRTEInsertLink\":\"Insertar enlace\",\"fieldTextareaRTEInsertMedia\":\"Insertar medios\",\"fieldTextareaRTESelectAFile\":\"Seleccione un archivo\",\"formHoneypot\":\"Si eres un ser humano y est\\u00e1s viendo este campo, por favor d\\u00e9jalo vac\\u00edo.\",\"fileUploadOldCodeFileUploadInProgress\":\"Subida de archivo en curso.\",\"fileUploadOldCodeFileUpload\":\"SUBIDA DE ARCHIVO\",\"currencySymbol\":\"&euro;\",\"thousands_sep\":\".\",\"decimal_point\":\",\",\"siteLocale\":\"es_ES\",\"dateFormat\":\"d\\\/m\\\/Y\",\"startOfWeek\":\"1\",\"of\":\"de\",\"previousMonth\":\"Mes anterior\",\"nextMonth\":\"Pr\\u00f3ximo mes\",\"months\":[\"Enero\",\"Febrero\",\"Marzo\",\"Abril\",\"Mayo\",\"Junio\",\"Julio\",\"Agosto\",\"Septiembre\",\"Octubre\",\"Noviembre\",\"Diciembre\"],\"monthsShort\":[\"Ene\",\"Feb\",\"Mar\",\"Abr\",\"Mayo\",\"Jun\",\"Jul\",\"Ago\",\"Sep\",\"Oct\",\"Nov\",\"Dic\"],\"weekdays\":[\"Domingo\",\"Lunes\",\"Martes\",\"Mi\\u00e9rcoles\",\"Jueves\",\"Viernes\",\"S\\u00e1bado\"],\"weekdaysShort\":[\"Dom\",\"Lun\",\"Mar\",\"Mi\\u00e9\",\"Jue\",\"Vie\",\"S\\u00e1b\"],\"weekdaysMin\":[\"Do\",\"Lu\",\"Ma\",\"Mi\",\"Ju\",\"Vi\",\"S\\u00e1\"],\"recaptchaConsentMissing\":\"reCaptcha validation couldn&#039;t load.\",\"recaptchaMissingCookie\":\"reCaptcha v3 validation couldn&#039;t load the cookie needed to submit the form.\",\"recaptchaConsentEvent\":\"Accept reCaptcha cookies before sending the form.\",\"currency_symbol\":\"\",\"beforeForm\":\"\",\"beforeFields\":\"\",\"afterFields\":\"\",\"afterForm\":\"\"};form.fields=[{\"objectType\":\"Field\",\"objectDomain\":\"fields\",\"editActive\":false,\"order\":1,\"idAttribute\":\"id\",\"type\":\"firstname\",\"label\":\"\",\"key\":\"firstname_1564474000117\",\"label_pos\":\"above\",\"required\":0,\"default\":\"\",\"placeholder\":\"Nombre\",\"container_class\":\"left\",\"element_class\":\"\",\"admin_label\":\"\",\"help_text\":\"\",\"custom_name_attribute\":\"fname\",\"personally_identifiable\":1,\"value\":\"\",\"drawerDisabled\":false,\"id\":10,\"beforeField\":\"\",\"afterField\":\"\",\"parentType\":\"firstname\",\"element_templates\":[\"firstname\",\"input\"],\"old_classname\":\"\",\"wrap_template\":\"wrap\"},{\"objectType\":\"Field\",\"objectDomain\":\"fields\",\"editActive\":false,\"order\":2,\"idAttribute\":\"id\",\"type\":\"lastname\",\"label\":\"\",\"key\":\"lastname_1564474002024\",\"label_pos\":\"above\",\"required\":false,\"default\":\"\",\"placeholder\":\"Apellidos\",\"container_class\":\"right\",\"element_class\":\"\",\"admin_label\":\"\",\"help_text\":\"\",\"custom_name_attribute\":\"lname\",\"personally_identifiable\":1,\"value\":\"\",\"drawerDisabled\":false,\"id\":11,\"beforeField\":\"\",\"afterField\":\"\",\"parentType\":\"lastname\",\"element_templates\":[\"lastname\",\"input\"],\"old_classname\":\"\",\"wrap_template\":\"wrap\"},{\"objectType\":\"Field\",\"objectDomain\":\"fields\",\"editActive\":false,\"order\":3,\"idAttribute\":\"id\",\"type\":\"phone\",\"label\":\"\",\"key\":\"phone_1564474003048\",\"label_pos\":\"above\",\"required\":false,\"default\":\"\",\"placeholder\":\"Tel\\u00e9fono\",\"container_class\":\"left\",\"element_class\":\"\",\"input_limit\":\"\",\"input_limit_type\":\"characters\",\"input_limit_msg\":\"Caracteres restantes\",\"manual_key\":false,\"admin_label\":\"\",\"help_text\":\"\",\"mask\":\"\",\"custom_mask\":\"\",\"custom_name_attribute\":\"phone\",\"personally_identifiable\":1,\"value\":\"\",\"drawerDisabled\":false,\"id\":12,\"beforeField\":\"\",\"afterField\":\"\",\"parentType\":\"textbox\",\"element_templates\":[\"tel\",\"textbox\",\"input\"],\"old_classname\":\"\",\"wrap_template\":\"wrap\"},{\"objectType\":\"Field\",\"objectDomain\":\"fields\",\"editActive\":false,\"order\":4,\"idAttribute\":\"id\",\"type\":\"email\",\"label\":\"\",\"key\":\"email_1564474008763\",\"label_pos\":\"above\",\"required\":false,\"default\":\"\",\"placeholder\":\"Email\",\"container_class\":\"right\",\"element_class\":\"\",\"admin_label\":\"\",\"help_text\":\"\",\"custom_name_attribute\":\"email\",\"personally_identifiable\":1,\"value\":\"\",\"drawerDisabled\":false,\"id\":13,\"beforeField\":\"\",\"afterField\":\"\",\"parentType\":\"email\",\"element_templates\":[\"email\",\"input\"],\"old_classname\":\"\",\"wrap_template\":\"wrap\"},{\"objectType\":\"Field\",\"objectDomain\":\"fields\",\"editActive\":false,\"order\":5,\"idAttribute\":\"id\",\"type\":\"listradio\",\"label\":\"\",\"key\":\"listradio_1564474158579\",\"label_pos\":\"above\",\"required\":false,\"options\":[{\"errors\":[],\"max_options\":0,\"label\":\"Empresa\",\"value\":\"empresa\",\"calc\":\"\",\"selected\":0,\"order\":0,\"settingModel\":{\"settings\":false,\"hide_merge_tags\":false,\"error\":false,\"name\":\"options\",\"type\":\"option-repeater\",\"label\":\"Opciones <a href=\\\"#\\\" class=\\\"nf-add-new\\\">A\\u00f1adir nuevo<\\\/a> <a href=\\\"#\\\" class=\\\"extra nf-open-import-tooltip\\\"><i class=\\\"fa fa-sign-in\\\" aria-hidden=\\\"true\\\"><\\\/i> Importar<\\\/a>\",\"width\":\"full\",\"group\":\"\",\"value\":[{\"label\":\"Uno\",\"value\":\"uno\",\"calc\":\"\",\"selected\":0,\"order\":0},{\"label\":\"Dos\",\"value\":\"dos\",\"calc\":\"\",\"selected\":0,\"order\":1},{\"label\":\"Tres\",\"value\":\"tres\",\"calc\":\"\",\"selected\":0,\"order\":2}],\"columns\":{\"label\":{\"header\":\"Etiqueta\",\"default\":\"\"},\"value\":{\"header\":\"Valor\",\"default\":\"\"},\"calc\":{\"header\":\"Valor calc\",\"default\":\"\"},\"selected\":{\"header\":\"<span class=\\\"dashicons dashicons-yes\\\"><\\\/span>\",\"default\":0}}}},{\"errors\":[],\"max_options\":0,\"label\":\"Particular\",\"value\":\"particular\",\"calc\":\"\",\"selected\":1,\"order\":1,\"settingModel\":{\"settings\":false,\"hide_merge_tags\":false,\"error\":false,\"name\":\"options\",\"type\":\"option-repeater\",\"label\":\"Opciones <a href=\\\"#\\\" class=\\\"nf-add-new\\\">A\\u00f1adir nuevo<\\\/a> <a href=\\\"#\\\" class=\\\"extra nf-open-import-tooltip\\\"><i class=\\\"fa fa-sign-in\\\" aria-hidden=\\\"true\\\"><\\\/i> Importar<\\\/a>\",\"width\":\"full\",\"group\":\"\",\"value\":[{\"label\":\"Uno\",\"value\":\"uno\",\"calc\":\"\",\"selected\":0,\"order\":0},{\"label\":\"Dos\",\"value\":\"dos\",\"calc\":\"\",\"selected\":0,\"order\":1},{\"label\":\"Tres\",\"value\":\"tres\",\"calc\":\"\",\"selected\":0,\"order\":2}],\"columns\":{\"label\":{\"header\":\"Etiqueta\",\"default\":\"\"},\"value\":{\"header\":\"Valor\",\"default\":\"\"},\"calc\":{\"header\":\"Valor calc\",\"default\":\"\"},\"selected\":{\"header\":\"<span class=\\\"dashicons dashicons-yes\\\"><\\\/span>\",\"default\":0}}}}],\"container_class\":\"\",\"element_class\":\"\",\"admin_label\":\"\",\"help_text\":\"\",\"drawerDisabled\":false,\"id\":14,\"beforeField\":\"\",\"afterField\":\"\",\"value\":\"\",\"parentType\":\"list\",\"element_templates\":[\"listradio\",\"input\"],\"old_classname\":\"list-radio\",\"wrap_template\":\"wrap\"},{\"objectType\":\"Field\",\"objectDomain\":\"fields\",\"editActive\":false,\"order\":7,\"idAttribute\":\"id\",\"type\":\"listcheckbox\",\"label\":\"Lista del cuadro de verificaci\\u00f3n\",\"key\":\"listcheckbox_1693993941990\",\"label_pos\":\"above\",\"required\":1,\"options\":[{\"errors\":[],\"max_options\":0,\"label\":\"* Al enviar este mensaje acepto la <a rel=\\\"nofollow\\\" href=\\\"https:\\\/\\\/www.trendefelipeii.com\\\/es\\\/privacidad\\\/\\\" style=\\\"color:#FFFFFF;\\\">Pol\\u00edtica de Privacidad<\\\/a>\",\"value\":\"Privacidad\",\"calc\":\"\",\"selected\":0,\"order\":0,\"settingModel\":{\"settings\":false,\"hide_merge_tags\":false,\"error\":false,\"name\":\"options\",\"type\":\"option-repeater\",\"label\":\"Opciones <a href=\\\"#\\\" class=\\\"nf-add-new\\\">A\\u00f1adir nuevo<\\\/a> <a href=\\\"#\\\" class=\\\"extra nf-open-import-tooltip\\\"><i class=\\\"fa fa-sign-in\\\" aria-hidden=\\\"true\\\"><\\\/i> Importar<\\\/a>\",\"width\":\"full\",\"group\":\"\",\"value\":[{\"label\":\"Uno\",\"value\":\"uno\",\"calc\":\"\",\"selected\":0,\"order\":0},{\"label\":\"Dos\",\"value\":\"dos\",\"calc\":\"\",\"selected\":0,\"order\":1},{\"label\":\"Tres\",\"value\":\"tres\",\"calc\":\"\",\"selected\":0,\"order\":2}],\"columns\":{\"label\":{\"header\":\"Etiqueta\",\"default\":\"\"},\"value\":{\"header\":\"Valor\",\"default\":\"\"},\"calc\":{\"header\":\"Valor calc\",\"default\":\"\"},\"selected\":{\"header\":\"<span class=\\\"dashicons dashicons-yes\\\"><\\\/span>\",\"default\":0}}},\"manual_value\":true}],\"container_class\":\"\",\"element_class\":\"\",\"admin_label\":\"\",\"help_text\":\"\",\"drawerDisabled\":false,\"id\":86,\"beforeField\":\"\",\"afterField\":\"\",\"value\":\"\",\"parentType\":\"list\",\"element_templates\":[\"listcheckbox\",\"input\"],\"old_classname\":\"list-checkbox\",\"wrap_template\":\"wrap\"},{\"objectType\":\"Field\",\"objectDomain\":\"fields\",\"editActive\":false,\"order\":8,\"idAttribute\":\"id\",\"type\":\"submit\",\"label\":\"ENVIAR SOLICITUD\",\"processing_label\":\"ENVIAR SOLICITUD\",\"container_class\":\"submit-button\",\"element_class\":\"\",\"key\":\"enviar_solicitud_1564474277911\",\"drawerDisabled\":false,\"id\":15,\"beforeField\":\"\",\"afterField\":\"\",\"value\":\"\",\"label_pos\":\"above\",\"parentType\":\"textbox\",\"element_templates\":[\"submit\",\"button\",\"input\"],\"old_classname\":\"\",\"wrap_template\":\"wrap-no-label\"}];nfForms.push(form);<\/script>\n        \n<\/div>\n<div class=\"clearfix\"><\/div>\n<\/div>\n<\/div>\n","protected":false},"excerpt":{"rendered":"<p>Viaje a medida \u00bfTienes un evento familiar o de empresa? \u00bfQuieres ser original? Organ\u00edzalo con nosotros. Nos adaptamos a tus necesidades. Podr\u00e1s reservar desde un departamento, hasta un coche completo o incluso todo el tren. Y en el trayecto que t\u00fa elijas.<\/p>\n","protected":false},"author":1,"featured_media":172,"parent":0,"menu_order":0,"comment_status":"closed","ping_status":"closed","template":"template-hours-and-prices.php","meta":[],"featured_image_urls":{"full":["https:\/\/www.trendefelipeii.com\/wp-content\/uploads\/2019\/07\/horarios_portada_image_1509565142301.jpg",2136,706,false],"thumbnail":["https:\/\/www.trendefelipeii.com\/wp-content\/uploads\/2019\/07\/horarios_portada_image_1509565142301.jpg",150,50,false],"medium":["https:\/\/www.trendefelipeii.com\/wp-content\/uploads\/2019\/07\/horarios_portada_image_1509565142301.jpg",300,99,false],"medium_large":["https:\/\/www.trendefelipeii.com\/wp-content\/uploads\/2019\/07\/horarios_portada_image_1509565142301.jpg",768,254,false],"large":["https:\/\/www.trendefelipeii.com\/wp-content\/uploads\/2019\/07\/horarios_portada_image_1509565142301.jpg",980,324,false],"1536x1536":["https:\/\/www.trendefelipeii.com\/wp-content\/uploads\/2019\/07\/horarios_portada_image_1509565142301.jpg",1536,508,false],"2048x2048":["https:\/\/www.trendefelipeii.com\/wp-content\/uploads\/2019\/07\/horarios_portada_image_1509565142301.jpg",2048,677,false]},"post_excerpt_stackable":"<p>Viaje a medida \u00bfTienes un evento familiar o de empresa? \u00bfQuieres ser original? Organ\u00edzalo con nosotros. Nos adaptamos a tus necesidades. Podr\u00e1s reservar desde un departamento, hasta un coche completo o incluso todo el tren. Y en el trayecto que t\u00fa elijas. Aviso: Se requiere JavaScript para este contenido.<\/p>\n","category_list":"","author_info":{"name":"trenfelipeii","url":"https:\/\/www.trendefelipeii.com\/es\/author\/trenfelipeii\/"},"comments_num":"0 comentarios","featured_image_urls_v2":{"full":["https:\/\/www.trendefelipeii.com\/wp-content\/uploads\/2019\/07\/horarios_portada_image_1509565142301.jpg",2136,706,false],"thumbnail":["https:\/\/www.trendefelipeii.com\/wp-content\/uploads\/2019\/07\/horarios_portada_image_1509565142301.jpg",150,50,false],"medium":["https:\/\/www.trendefelipeii.com\/wp-content\/uploads\/2019\/07\/horarios_portada_image_1509565142301.jpg",300,99,false],"medium_large":["https:\/\/www.trendefelipeii.com\/wp-content\/uploads\/2019\/07\/horarios_portada_image_1509565142301.jpg",768,254,false],"large":["https:\/\/www.trendefelipeii.com\/wp-content\/uploads\/2019\/07\/horarios_portada_image_1509565142301.jpg",980,324,false],"1536x1536":["https:\/\/www.trendefelipeii.com\/wp-content\/uploads\/2019\/07\/horarios_portada_image_1509565142301.jpg",1536,508,false],"2048x2048":["https:\/\/www.trendefelipeii.com\/wp-content\/uploads\/2019\/07\/horarios_portada_image_1509565142301.jpg",2048,677,false]},"post_excerpt_stackable_v2":"<p>Viaje a medida \u00bfTienes un evento familiar o de empresa? \u00bfQuieres ser original? Organ\u00edzalo con nosotros. Nos adaptamos a tus necesidades. Podr\u00e1s reservar desde un departamento, hasta un coche completo o incluso todo el tren. Y en el trayecto que t\u00fa elijas. Aviso: Se requiere JavaScript para este contenido.<\/p>\n","category_list_v2":"","author_info_v2":{"name":"trenfelipeii","url":"https:\/\/www.trendefelipeii.com\/es\/author\/trenfelipeii\/"},"comments_num_v2":"0 comentarios","yoast_head":"<!-- This site is optimized with the Yoast SEO plugin v18.0 - https:\/\/yoast.com\/wordpress\/plugins\/seo\/ -->\n<title>Viajes a medida - Tren de Felipe II<\/title>\n<meta name=\"robots\" content=\"index, follow, max-snippet:-1, max-image-preview:large, max-video-preview:-1\" \/>\n<link rel=\"canonical\" href=\"https:\/\/www.trendefelipeii.com\/es\/viajes-a-medida\/\" \/>\n<meta property=\"og:locale\" content=\"es_ES\" \/>\n<meta property=\"og:type\" content=\"article\" \/>\n<meta property=\"og:title\" content=\"Viajes a medida - Tren de Felipe II\" \/>\n<meta property=\"og:description\" content=\"Viaje a medida \u00bfTienes un evento familiar o de empresa? \u00bfQuieres ser original? Organ\u00edzalo con nosotros. Nos adaptamos a tus necesidades. Podr\u00e1s reservar desde un departamento, hasta un coche completo o incluso todo el tren. Y en el trayecto que t\u00fa elijas.\" \/>\n<meta property=\"og:url\" content=\"https:\/\/www.trendefelipeii.com\/es\/viajes-a-medida\/\" \/>\n<meta property=\"og:site_name\" content=\"Tren de Felipe II\" \/>\n<meta property=\"article:modified_time\" content=\"2023-09-05T08:03:08+00:00\" \/>\n<meta property=\"og:image\" content=\"https:\/\/www.trendefelipeii.com\/wp-content\/uploads\/2019\/07\/horarios_portada_image_1509565142301.jpg\" \/>\n\t<meta property=\"og:image:width\" content=\"2136\" \/>\n\t<meta property=\"og:image:height\" content=\"706\" \/>\n\t<meta property=\"og:image:type\" content=\"image\/jpeg\" \/>\n<meta name=\"twitter:card\" content=\"summary_large_image\" \/>\n<meta name=\"twitter:label1\" content=\"Tiempo de lectura\" \/>\n\t<meta name=\"twitter:data1\" content=\"1 minuto\" \/>\n<script type=\"application\/ld+json\" class=\"yoast-schema-graph\">{\"@context\":\"https:\/\/schema.org\",\"@graph\":[{\"@type\":\"WebSite\",\"@id\":\"https:\/\/www.trendefelipeii.com\/es\/#website\",\"url\":\"https:\/\/www.trendefelipeii.com\/es\/\",\"name\":\"Tren de Felipe II\",\"description\":\"Un viaje apasionante a otra \u00e9poca\",\"potentialAction\":[{\"@type\":\"SearchAction\",\"target\":{\"@type\":\"EntryPoint\",\"urlTemplate\":\"https:\/\/www.trendefelipeii.com\/es\/?s={search_term_string}\"},\"query-input\":\"required name=search_term_string\"}],\"inLanguage\":\"es\"},{\"@type\":\"ImageObject\",\"@id\":\"https:\/\/www.trendefelipeii.com\/es\/viajes-a-medida\/#primaryimage\",\"inLanguage\":\"es\",\"url\":\"https:\/\/www.trendefelipeii.com\/wp-content\/uploads\/2019\/07\/horarios_portada_image_1509565142301.jpg\",\"contentUrl\":\"https:\/\/www.trendefelipeii.com\/wp-content\/uploads\/2019\/07\/horarios_portada_image_1509565142301.jpg\",\"width\":2136,\"height\":706},{\"@type\":\"WebPage\",\"@id\":\"https:\/\/www.trendefelipeii.com\/es\/viajes-a-medida\/#webpage\",\"url\":\"https:\/\/www.trendefelipeii.com\/es\/viajes-a-medida\/\",\"name\":\"Viajes a medida - Tren de Felipe II\",\"isPartOf\":{\"@id\":\"https:\/\/www.trendefelipeii.com\/es\/#website\"},\"primaryImageOfPage\":{\"@id\":\"https:\/\/www.trendefelipeii.com\/es\/viajes-a-medida\/#primaryimage\"},\"datePublished\":\"2023-09-04T14:12:39+00:00\",\"dateModified\":\"2023-09-05T08:03:08+00:00\",\"breadcrumb\":{\"@id\":\"https:\/\/www.trendefelipeii.com\/es\/viajes-a-medida\/#breadcrumb\"},\"inLanguage\":\"es\",\"potentialAction\":[{\"@type\":\"ReadAction\",\"target\":[\"https:\/\/www.trendefelipeii.com\/es\/viajes-a-medida\/\"]}]},{\"@type\":\"BreadcrumbList\",\"@id\":\"https:\/\/www.trendefelipeii.com\/es\/viajes-a-medida\/#breadcrumb\",\"itemListElement\":[{\"@type\":\"ListItem\",\"position\":1,\"name\":\"Inicio\",\"item\":\"https:\/\/www.trendefelipeii.com\/es\/\"},{\"@type\":\"ListItem\",\"position\":2,\"name\":\"Viajes a medida\"}]}]}<\/script>\n<!-- \/ Yoast SEO plugin. -->","yoast_head_json":{"title":"Viajes a medida - Tren de Felipe II","robots":{"index":"index","follow":"follow","max-snippet":"max-snippet:-1","max-image-preview":"max-image-preview:large","max-video-preview":"max-video-preview:-1"},"canonical":"https:\/\/www.trendefelipeii.com\/es\/viajes-a-medida\/","og_locale":"es_ES","og_type":"article","og_title":"Viajes a medida - Tren de Felipe II","og_description":"Viaje a medida \u00bfTienes un evento familiar o de empresa? \u00bfQuieres ser original? Organ\u00edzalo con nosotros. Nos adaptamos a tus necesidades. Podr\u00e1s reservar desde un departamento, hasta un coche completo o incluso todo el tren. Y en el trayecto que t\u00fa elijas.","og_url":"https:\/\/www.trendefelipeii.com\/es\/viajes-a-medida\/","og_site_name":"Tren de Felipe II","article_modified_time":"2023-09-05T08:03:08+00:00","og_image":[{"width":2136,"height":706,"url":"https:\/\/www.trendefelipeii.com\/wp-content\/uploads\/2019\/07\/horarios_portada_image_1509565142301.jpg","type":"image\/jpeg"}],"twitter_card":"summary_large_image","twitter_misc":{"Tiempo de lectura":"1 minuto"},"schema":{"@context":"https:\/\/schema.org","@graph":[{"@type":"WebSite","@id":"https:\/\/www.trendefelipeii.com\/es\/#website","url":"https:\/\/www.trendefelipeii.com\/es\/","name":"Tren de Felipe II","description":"Un viaje apasionante a otra \u00e9poca","potentialAction":[{"@type":"SearchAction","target":{"@type":"EntryPoint","urlTemplate":"https:\/\/www.trendefelipeii.com\/es\/?s={search_term_string}"},"query-input":"required name=search_term_string"}],"inLanguage":"es"},{"@type":"ImageObject","@id":"https:\/\/www.trendefelipeii.com\/es\/viajes-a-medida\/#primaryimage","inLanguage":"es","url":"https:\/\/www.trendefelipeii.com\/wp-content\/uploads\/2019\/07\/horarios_portada_image_1509565142301.jpg","contentUrl":"https:\/\/www.trendefelipeii.com\/wp-content\/uploads\/2019\/07\/horarios_portada_image_1509565142301.jpg","width":2136,"height":706},{"@type":"WebPage","@id":"https:\/\/www.trendefelipeii.com\/es\/viajes-a-medida\/#webpage","url":"https:\/\/www.trendefelipeii.com\/es\/viajes-a-medida\/","name":"Viajes a medida - Tren de Felipe II","isPartOf":{"@id":"https:\/\/www.trendefelipeii.com\/es\/#website"},"primaryImageOfPage":{"@id":"https:\/\/www.trendefelipeii.com\/es\/viajes-a-medida\/#primaryimage"},"datePublished":"2023-09-04T14:12:39+00:00","dateModified":"2023-09-05T08:03:08+00:00","breadcrumb":{"@id":"https:\/\/www.trendefelipeii.com\/es\/viajes-a-medida\/#breadcrumb"},"inLanguage":"es","potentialAction":[{"@type":"ReadAction","target":["https:\/\/www.trendefelipeii.com\/es\/viajes-a-medida\/"]}]},{"@type":"BreadcrumbList","@id":"https:\/\/www.trendefelipeii.com\/es\/viajes-a-medida\/#breadcrumb","itemListElement":[{"@type":"ListItem","position":1,"name":"Inicio","item":"https:\/\/www.trendefelipeii.com\/es\/"},{"@type":"ListItem","position":2,"name":"Viajes a medida"}]}]}},"_links":{"self":[{"href":"https:\/\/www.trendefelipeii.com\/es\/wp-json\/wp\/v2\/pages\/8683"}],"collection":[{"href":"https:\/\/www.trendefelipeii.com\/es\/wp-json\/wp\/v2\/pages"}],"about":[{"href":"https:\/\/www.trendefelipeii.com\/es\/wp-json\/wp\/v2\/types\/page"}],"author":[{"embeddable":true,"href":"https:\/\/www.trendefelipeii.com\/es\/wp-json\/wp\/v2\/users\/1"}],"replies":[{"embeddable":true,"href":"https:\/\/www.trendefelipeii.com\/es\/wp-json\/wp\/v2\/comments?post=8683"}],"version-history":[{"count":3,"href":"https:\/\/www.trendefelipeii.com\/es\/wp-json\/wp\/v2\/pages\/8683\/revisions"}],"predecessor-version":[{"id":8686,"href":"https:\/\/www.trendefelipeii.com\/es\/wp-json\/wp\/v2\/pages\/8683\/revisions\/8686"}],"wp:featuredmedia":[{"embeddable":true,"href":"https:\/\/www.trendefelipeii.com\/es\/wp-json\/wp\/v2\/media\/172"}],"wp:attachment":[{"href":"https:\/\/www.trendefelipeii.com\/es\/wp-json\/wp\/v2\/media?parent=8683"}],"curies":[{"name":"wp","href":"https:\/\/api.w.org\/{rel}","templated":true}]}}