{"id":6946,"date":"2021-10-16T13:46:11","date_gmt":"2021-10-16T11:46:11","guid":{"rendered":"https:\/\/www.trendefelipeii.com\/es\/?page_id=6946"},"modified":"2021-10-29T10:34:56","modified_gmt":"2021-10-29T08:34:56","slug":"conoce-gente-en-el-tren-de-felipe-ii","status":"publish","type":"page","link":"https:\/\/www.trendefelipeii.com\/es\/conoce-gente-en-el-tren-de-felipe-ii\/","title":{"rendered":"Conoce gente en el Tren de Felipe II"},"content":{"rendered":"\n<p><strong>\u00bfTe gustar\u00eda formar parte de una divertida experiencia para conocer gente a bordo de un tren restaurado de principios del siglo pasado?<\/strong><\/p>\n\n\n\n<p>A medida que mejoran las condiciones sanitarias tras esta triste pandemia, pensamos que con las pertinentes medidas de seguridad quiz\u00e1 te apetezca salir y hacer un plan para socializar y conocer gente junto a divertidos personajes recreando un ambiente de \u00e9poca y con una propuesta cargada de historia.<\/p>\n\n\n\n<p>\u00bfTe cuesta hacer planes o quieres construir un nuevo grupo de amigos? \u00bfHas llegado recientemente a Madrid por estudios o trabajo y quieres ampliar tu red de contactos? \u00bfEst\u00e1s en un buen momento para encontrar una pareja?<\/p>\n\n\n\n<p><strong>Nuestra propuesta<\/strong><\/p>\n\n\n\n<p>Estamos considerando la posibilidad de reservar un coche de viajeros del Tren de Felipe II el pr\u00f3ximo <strong>s\u00e1bado 6 de noviembre<\/strong> y organizar un speed dating para dinamizar una actividad que permita que conozcas gente en una divertida excursi\u00f3n de Madrid a San Lorenzo de El Escorial.<\/p>\n\n\n\n<p>Se dice que Felipe II encontr\u00f3 el amor muchas veces a lo largo de su vida, y cuatro fueron las esposas que oficialmente tuvo. <\/p>\n\n\n\n<p>Ay si nuestro particular monarca hubiese tenido la oportunidad de tener un evento como este a bordo del Tren de Felipe II&#8230;<\/p>\n\n\n\n<div class=\"wp-block-ugb-container ugb-container ugb-aaa3d05 ugb-container--v2 ugb-container--design-plain ugb-main-block\"><style>.ugb-aaa3d05 .ugb-inner-block{text-align:center}<\/style><div class=\"ugb-inner-block\"><div class=\"ugb-block-content\"><div class=\"ugb-container__wrapper ugb-aaa3d05-wrapper\"><div class=\"ugb-container__side\"><div class=\"ugb-container__content-wrapper ugb-aaa3d05-content-wrapper\">\n<iframe loading=\"lazy\" width=\"560\" height=\"700\" src=\"https:\/\/www.youtube-nocookie.com\/embed\/-nW2zMGI_7w\" title=\"YouTube video player\" frameborder=\"0\" allow=\"accelerometer; autoplay; clipboard-write; encrypted-media; gyroscope; picture-in-picture\" allowfullscreen=\"\"><\/iframe>\n<\/div><\/div><\/div><\/div><\/div><\/div>\n\n\n\n<p>La agenda de la excursi\u00f3n ser\u00e1 la siguiente:<\/p>\n\n\n\n<div class=\"wp-block-image\"><figure class=\"aligncenter size-full is-resized\"><img loading=\"lazy\" src=\"https:\/\/www.trendefelipeii.com\/wp-content\/uploads\/2021\/10\/Leyendas-Speed-Dating.jpg\" alt=\"\" class=\"wp-image-6969\" width=\"564\" height=\"797\"\/><\/figure><\/div>\n\n\n\n<p>Y en los tramos de viaje en tren nos encargaremos, si rellenas el siguiente formulario, de organizar a los asistentes en nuestros departamentos y generar oportunidades de conocerse.<\/p>\n\n\n\n<div class=\"wp-block-image\"><figure class=\"aligncenter size-full is-resized\"><img loading=\"lazy\" src=\"https:\/\/www.trendefelipeii.com\/wp-content\/uploads\/2021\/10\/numeroCompartimento.jpg\" alt=\"\" class=\"wp-image-6968\" width=\"530\" height=\"342\"\/><\/figure><\/div>\n\n\n\n<p>El precio del billete ser\u00e1 de <strong>25 \u20ac por plaza<\/strong>, y si est\u00e1s interesado(a) en comer en alguno de los restaurantes de San Lorenzo de El Escorial, solo tendr\u00e1s que dec\u00edrnoslo para que ayudemos a hacer una reserva en nombre de los participantes de este grupo en el establecimiento seleccionado, que tendr\u00e1n precios entre 15 y 20 \u20ac por persona, pero cuyo pago se har\u00e1 en el propio restaurante.<\/p>\n\n\n\n<p>\u00bfTe animas a vivir esta experiencia \u00fanica? <\/p>\n\n\n\n<p>Rellena el siguiente formulario y te daremos m\u00e1s detalles de c\u00f3mo reservar tu plaza.<\/p>\n\n\n\n<div class=\"wp-block-zoho-zoho-forms\"><iframe height=\"1300\" width=\"100%\" frameborder=\"0\" allowTransparency=\"true\" scrolling=\"auto\" src=\"https:\/\/forms.zohopublic.eu\/comparadorparanegociossl\/form\/Meinteresaelspeeddating\/formperma\/gcPsWPuYCSGPsH5OCLO8MMQ1JrZXSbkDvjrDlxuqL64\"> <\/iframe><\/div>\n\n\n\n<p><\/p>\n","protected":false},"excerpt":{"rendered":"<p>\u00bfTe gustar\u00eda formar parte de una divertida experiencia para conocer gente a bordo de un tren restaurado de principios del siglo pasado? A medida que mejoran las condiciones sanitarias tras esta triste pandemia, pensamos que con las pertinentes medidas de seguridad quiz\u00e1 te apetezca salir y hacer un plan para socializar y conocer gente junto [&hellip;]<\/p>\n","protected":false},"author":9,"featured_media":0,"parent":0,"menu_order":0,"comment_status":"closed","ping_status":"closed","template":"template-train-felipe-text-page.php","meta":[],"featured_image_urls":{"full":"","thumbnail":"","medium":"","medium_large":"","large":"","1536x1536":"","2048x2048":""},"post_excerpt_stackable":"<p>\u00bfTe gustar\u00eda formar parte de una divertida experiencia para conocer gente a bordo de un tren restaurado de principios del siglo pasado? A medida que mejoran las condiciones sanitarias tras esta triste pandemia, pensamos que con las pertinentes medidas de seguridad quiz\u00e1 te apetezca salir y hacer un plan para socializar y conocer gente junto a divertidos personajes recreando un ambiente de \u00e9poca y con una propuesta cargada de historia. \u00bfTe cuesta hacer planes o quieres construir un nuevo grupo de amigos? \u00bfHas llegado recientemente a Madrid por estudios o trabajo y quieres ampliar tu red de contactos? \u00bfEst\u00e1s en&hellip;<\/p>\n","category_list":"","author_info":{"name":"","url":"https:\/\/www.trendefelipeii.com\/es\/author\/"},"comments_num":"0 comentarios","featured_image_urls_v2":{"full":"","thumbnail":"","medium":"","medium_large":"","large":"","1536x1536":"","2048x2048":""},"post_excerpt_stackable_v2":"<p>\u00bfTe gustar\u00eda formar parte de una divertida experiencia para conocer gente a bordo de un tren restaurado de principios del siglo pasado? A medida que mejoran las condiciones sanitarias tras esta triste pandemia, pensamos que con las pertinentes medidas de seguridad quiz\u00e1 te apetezca salir y hacer un plan para socializar y conocer gente junto a divertidos personajes recreando un ambiente de \u00e9poca y con una propuesta cargada de historia. \u00bfTe cuesta hacer planes o quieres construir un nuevo grupo de amigos? \u00bfHas llegado recientemente a Madrid por estudios o trabajo y quieres ampliar tu red de contactos? \u00bfEst\u00e1s en&hellip;<\/p>\n","category_list_v2":"","author_info_v2":{"name":"","url":"https:\/\/www.trendefelipeii.com\/es\/author\/"},"comments_num_v2":"0 comentarios","yoast_head":"<!-- This site is optimized with the Yoast SEO plugin v18.0 - https:\/\/yoast.com\/wordpress\/plugins\/seo\/ -->\n<title>Conoce gente en el Tren de Felipe II - Tren de Felipe II<\/title>\n<meta name=\"description\" content=\"Si quieres conocer gente a bordo de un tren restaurado \u00fanico...\u00a1este es tu plan! Participa de esta excursi\u00f3n a San Lorenzo de El Escorial\" \/>\n<meta name=\"robots\" content=\"index, follow, max-snippet:-1, max-image-preview:large, max-video-preview:-1\" \/>\n<link rel=\"canonical\" href=\"https:\/\/www.trendefelipeii.com\/es\/conoce-gente-en-el-tren-de-felipe-ii\/\" \/>\n<meta property=\"og:locale\" content=\"es_ES\" \/>\n<meta property=\"og:type\" content=\"article\" \/>\n<meta property=\"og:title\" content=\"Conoce gente en el Tren de Felipe II - Tren de Felipe II\" \/>\n<meta property=\"og:description\" content=\"Si quieres conocer gente a bordo de un tren restaurado \u00fanico...\u00a1este es tu plan! Participa de esta excursi\u00f3n a San Lorenzo de El Escorial\" \/>\n<meta property=\"og:url\" content=\"https:\/\/www.trendefelipeii.com\/es\/conoce-gente-en-el-tren-de-felipe-ii\/\" \/>\n<meta property=\"og:site_name\" content=\"Tren de Felipe II\" \/>\n<meta property=\"article:modified_time\" content=\"2021-10-29T08:34:56+00:00\" \/>\n<meta property=\"og:image\" content=\"https:\/\/www.trendefelipeii.com\/wp-content\/uploads\/2021\/10\/Leyendas-Speed-Dating.jpg\" \/>\n<meta name=\"twitter:card\" content=\"summary_large_image\" \/>\n<meta name=\"twitter:label1\" content=\"Tiempo de lectura\" \/>\n\t<meta name=\"twitter:data1\" content=\"2 minutos\" \/>\n<script type=\"application\/ld+json\" class=\"yoast-schema-graph\">{\"@context\":\"https:\/\/schema.org\",\"@graph\":[{\"@type\":\"WebSite\",\"@id\":\"https:\/\/www.trendefelipeii.com\/es\/#website\",\"url\":\"https:\/\/www.trendefelipeii.com\/es\/\",\"name\":\"Tren de Felipe II\",\"description\":\"Un viaje apasionante a otra \u00e9poca\",\"potentialAction\":[{\"@type\":\"SearchAction\",\"target\":{\"@type\":\"EntryPoint\",\"urlTemplate\":\"https:\/\/www.trendefelipeii.com\/es\/?s={search_term_string}\"},\"query-input\":\"required name=search_term_string\"}],\"inLanguage\":\"es\"},{\"@type\":\"ImageObject\",\"@id\":\"https:\/\/www.trendefelipeii.com\/es\/conoce-gente-en-el-tren-de-felipe-ii\/#primaryimage\",\"inLanguage\":\"es\",\"url\":\"https:\/\/www.trendefelipeii.com\/wp-content\/uploads\/2021\/10\/Leyendas-Speed-Dating.jpg\",\"contentUrl\":\"https:\/\/www.trendefelipeii.com\/wp-content\/uploads\/2021\/10\/Leyendas-Speed-Dating.jpg\"},{\"@type\":\"WebPage\",\"@id\":\"https:\/\/www.trendefelipeii.com\/es\/conoce-gente-en-el-tren-de-felipe-ii\/#webpage\",\"url\":\"https:\/\/www.trendefelipeii.com\/es\/conoce-gente-en-el-tren-de-felipe-ii\/\",\"name\":\"Conoce gente en el Tren de Felipe II - Tren de Felipe II\",\"isPartOf\":{\"@id\":\"https:\/\/www.trendefelipeii.com\/es\/#website\"},\"primaryImageOfPage\":{\"@id\":\"https:\/\/www.trendefelipeii.com\/es\/conoce-gente-en-el-tren-de-felipe-ii\/#primaryimage\"},\"datePublished\":\"2021-10-16T11:46:11+00:00\",\"dateModified\":\"2021-10-29T08:34:56+00:00\",\"description\":\"Si quieres conocer gente a bordo de un tren restaurado \u00fanico...\u00a1este es tu plan! Participa de esta excursi\u00f3n a San Lorenzo de El Escorial\",\"breadcrumb\":{\"@id\":\"https:\/\/www.trendefelipeii.com\/es\/conoce-gente-en-el-tren-de-felipe-ii\/#breadcrumb\"},\"inLanguage\":\"es\",\"potentialAction\":[{\"@type\":\"ReadAction\",\"target\":[\"https:\/\/www.trendefelipeii.com\/es\/conoce-gente-en-el-tren-de-felipe-ii\/\"]}]},{\"@type\":\"BreadcrumbList\",\"@id\":\"https:\/\/www.trendefelipeii.com\/es\/conoce-gente-en-el-tren-de-felipe-ii\/#breadcrumb\",\"itemListElement\":[{\"@type\":\"ListItem\",\"position\":1,\"name\":\"Inicio\",\"item\":\"https:\/\/www.trendefelipeii.com\/es\/\"},{\"@type\":\"ListItem\",\"position\":2,\"name\":\"Conoce gente en el Tren de Felipe II\"}]}]}<\/script>\n<!-- \/ Yoast SEO plugin. -->","yoast_head_json":{"title":"Conoce gente en el Tren de Felipe II - Tren de Felipe II","description":"Si quieres conocer gente a bordo de un tren restaurado \u00fanico...\u00a1este es tu plan! Participa de esta excursi\u00f3n a San Lorenzo de El Escorial","robots":{"index":"index","follow":"follow","max-snippet":"max-snippet:-1","max-image-preview":"max-image-preview:large","max-video-preview":"max-video-preview:-1"},"canonical":"https:\/\/www.trendefelipeii.com\/es\/conoce-gente-en-el-tren-de-felipe-ii\/","og_locale":"es_ES","og_type":"article","og_title":"Conoce gente en el Tren de Felipe II - Tren de Felipe II","og_description":"Si quieres conocer gente a bordo de un tren restaurado \u00fanico...\u00a1este es tu plan! Participa de esta excursi\u00f3n a San Lorenzo de El Escorial","og_url":"https:\/\/www.trendefelipeii.com\/es\/conoce-gente-en-el-tren-de-felipe-ii\/","og_site_name":"Tren de Felipe II","article_modified_time":"2021-10-29T08:34:56+00:00","og_image":[{"url":"https:\/\/www.trendefelipeii.com\/wp-content\/uploads\/2021\/10\/Leyendas-Speed-Dating.jpg"}],"twitter_card":"summary_large_image","twitter_misc":{"Tiempo de lectura":"2 minutos"},"schema":{"@context":"https:\/\/schema.org","@graph":[{"@type":"WebSite","@id":"https:\/\/www.trendefelipeii.com\/es\/#website","url":"https:\/\/www.trendefelipeii.com\/es\/","name":"Tren de Felipe II","description":"Un viaje apasionante a otra \u00e9poca","potentialAction":[{"@type":"SearchAction","target":{"@type":"EntryPoint","urlTemplate":"https:\/\/www.trendefelipeii.com\/es\/?s={search_term_string}"},"query-input":"required name=search_term_string"}],"inLanguage":"es"},{"@type":"ImageObject","@id":"https:\/\/www.trendefelipeii.com\/es\/conoce-gente-en-el-tren-de-felipe-ii\/#primaryimage","inLanguage":"es","url":"https:\/\/www.trendefelipeii.com\/wp-content\/uploads\/2021\/10\/Leyendas-Speed-Dating.jpg","contentUrl":"https:\/\/www.trendefelipeii.com\/wp-content\/uploads\/2021\/10\/Leyendas-Speed-Dating.jpg"},{"@type":"WebPage","@id":"https:\/\/www.trendefelipeii.com\/es\/conoce-gente-en-el-tren-de-felipe-ii\/#webpage","url":"https:\/\/www.trendefelipeii.com\/es\/conoce-gente-en-el-tren-de-felipe-ii\/","name":"Conoce gente en el Tren de Felipe II - Tren de Felipe II","isPartOf":{"@id":"https:\/\/www.trendefelipeii.com\/es\/#website"},"primaryImageOfPage":{"@id":"https:\/\/www.trendefelipeii.com\/es\/conoce-gente-en-el-tren-de-felipe-ii\/#primaryimage"},"datePublished":"2021-10-16T11:46:11+00:00","dateModified":"2021-10-29T08:34:56+00:00","description":"Si quieres conocer gente a bordo de un tren restaurado \u00fanico...\u00a1este es tu plan! Participa de esta excursi\u00f3n a San Lorenzo de El Escorial","breadcrumb":{"@id":"https:\/\/www.trendefelipeii.com\/es\/conoce-gente-en-el-tren-de-felipe-ii\/#breadcrumb"},"inLanguage":"es","potentialAction":[{"@type":"ReadAction","target":["https:\/\/www.trendefelipeii.com\/es\/conoce-gente-en-el-tren-de-felipe-ii\/"]}]},{"@type":"BreadcrumbList","@id":"https:\/\/www.trendefelipeii.com\/es\/conoce-gente-en-el-tren-de-felipe-ii\/#breadcrumb","itemListElement":[{"@type":"ListItem","position":1,"name":"Inicio","item":"https:\/\/www.trendefelipeii.com\/es\/"},{"@type":"ListItem","position":2,"name":"Conoce gente en el Tren de Felipe II"}]}]}},"_links":{"self":[{"href":"https:\/\/www.trendefelipeii.com\/es\/wp-json\/wp\/v2\/pages\/6946"}],"collection":[{"href":"https:\/\/www.trendefelipeii.com\/es\/wp-json\/wp\/v2\/pages"}],"about":[{"href":"https:\/\/www.trendefelipeii.com\/es\/wp-json\/wp\/v2\/types\/page"}],"author":[{"embeddable":true,"href":"https:\/\/www.trendefelipeii.com\/es\/wp-json\/wp\/v2\/users\/9"}],"replies":[{"embeddable":true,"href":"https:\/\/www.trendefelipeii.com\/es\/wp-json\/wp\/v2\/comments?post=6946"}],"version-history":[{"count":14,"href":"https:\/\/www.trendefelipeii.com\/es\/wp-json\/wp\/v2\/pages\/6946\/revisions"}],"predecessor-version":[{"id":7021,"href":"https:\/\/www.trendefelipeii.com\/es\/wp-json\/wp\/v2\/pages\/6946\/revisions\/7021"}],"wp:attachment":[{"href":"https:\/\/www.trendefelipeii.com\/es\/wp-json\/wp\/v2\/media?parent=6946"}],"curies":[{"name":"wp","href":"https:\/\/api.w.org\/{rel}","templated":true}]}}