{"id":5881,"date":"2021-02-01T12:58:53","date_gmt":"2021-02-01T11:58:53","guid":{"rendered":"https:\/\/www.trendefelipeii.com\/es\/?page_id=5881"},"modified":"2023-11-02T10:47:15","modified_gmt":"2023-11-02T09:47:15","slug":"folleto-informacion-colegios","status":"publish","type":"page","link":"https:\/\/www.trendefelipeii.com\/es\/folleto-informacion-colegios\/","title":{"rendered":"Informaci\u00f3n para Colegios"},"content":{"rendered":"\n<div class=\"wp-block-image\"><figure class=\"aligncenter size-large\"><img loading=\"lazy\" width=\"2240\" height=\"952\" src=\"https:\/\/www.trendefelipeii.com\/wp-content\/uploads\/2021\/02\/Registrate-folleto-escolares.jpg\" alt=\"\" class=\"wp-image-5917\"\/><\/figure><\/div>\n\n\n\n<p class=\"has-text-align-center\">\u00a1Llevamos a tus alumnos a un viaje en el tiempo de Madrid a San Lorenzo de El Escorial!<\/p>\n\n\n\n<p class=\"has-text-align-center\">Excursiones teatralizadas donde vivir\u00e1n la historia del siglo XVI rodeados de personajes de \u00e9poca y a bordo de un tren hist\u00f3rico Patrimonio de la Comunidad de Madrid.<\/p>\n\n\n<div class=\"wp-block-image\">\n<figure class=\"aligncenter size-full\"><img loading=\"lazy\" class=\"wp-image-6818\" src=\"https:\/\/www.trendefelipeii.com\/wp-content\/uploads\/2021\/09\/FOLLETO-COLEGIOS-2.jpg\" alt=\"\" width=\"NaN\" height=\"NaN\"><\/figure>\n<\/div>\n\n\n<p>No pierdas la oportunidad de que tus alumnos vivan este magn\u00edfico viaje al pasado donde se entremezclan cultura, naturaleza y diversi\u00f3n para alumnos de todas las edades.<\/p>\n\n\n\n<p>Rellena el siguiente formulario y te haremos llegar un fant\u00e1stico dossier que describe las actividades del Tren de Felipe II de ALSA para escolares y todos los detalles de sus excursiones. En \u00e9l encontrar\u00e1s la informaci\u00f3n necesaria sobre los diferentes tipos de actividades, sus precios, horarios, etc. <\/p>\n\n\n\n<div class=\"wp-block-image\"><figure class=\"aligncenter size-large\"><img loading=\"lazy\" width=\"2221\" height=\"1283\" src=\"https:\/\/www.trendefelipeii.com\/wp-content\/uploads\/2021\/02\/Preview-Escolares_web.jpg\" alt=\"\" class=\"wp-image-5934\"\/><\/figure><\/div>\n\n\n\n<div class=\"wp-block-image\"><figure class=\"aligncenter size-large\"><img loading=\"lazy\" width=\"2240\" height=\"284\" src=\"https:\/\/www.trendefelipeii.com\/wp-content\/uploads\/2021\/02\/Arrows-down.jpg\" alt=\"\" class=\"wp-image-5918\"\/><\/figure><\/div>\n\n\n\n<h2><em>Colegios Interesados<\/em><\/h2>\n\n\n\n<p>Solicitud de informaci\u00f3n para las actividades escolares en el Tren de Felipe II<\/p>\n\n\n\n<p class=\"has-text-align-center\"><strong><a href=\"https:\/\/www.trendefelipeii.com\/es\/viajes-a-medida\/\">Formulario Viajes a medida<\/a><\/strong><\/p>\n","protected":false},"excerpt":{"rendered":"<p>\u00a1Llevamos a tus alumnos a un viaje en el tiempo de Madrid a San Lorenzo de El Escorial! Excursiones teatralizadas donde vivir\u00e1n la historia del siglo XVI rodeados de personajes de \u00e9poca y a bordo de un tren hist\u00f3rico Patrimonio de la Comunidad de Madrid. No pierdas la oportunidad de que tus alumnos vivan este [&hellip;]<\/p>\n","protected":false},"author":1,"featured_media":0,"parent":0,"menu_order":0,"comment_status":"closed","ping_status":"closed","template":"template-homepage.php","meta":[],"featured_image_urls":{"full":"","thumbnail":"","medium":"","medium_large":"","large":"","1536x1536":"","2048x2048":""},"post_excerpt_stackable":"<p>\u00a1Llevamos a tus alumnos a un viaje en el tiempo de Madrid a San Lorenzo de El Escorial! Excursiones teatralizadas donde vivir\u00e1n la historia del siglo XVI rodeados de personajes de \u00e9poca y a bordo de un tren hist\u00f3rico Patrimonio de la Comunidad de Madrid. No pierdas la oportunidad de que tus alumnos vivan este magn\u00edfico viaje al pasado donde se entremezclan cultura, naturaleza y diversi\u00f3n para alumnos de todas las edades. Rellena el siguiente formulario y te haremos llegar un fant\u00e1stico dossier que describe las actividades del Tren de Felipe II de ALSA para escolares y todos los detalles&hellip;<\/p>\n","category_list":"","author_info":{"name":"trenfelipeii","url":"https:\/\/www.trendefelipeii.com\/es\/author\/trenfelipeii\/"},"comments_num":"0 comentarios","featured_image_urls_v2":{"full":"","thumbnail":"","medium":"","medium_large":"","large":"","1536x1536":"","2048x2048":""},"post_excerpt_stackable_v2":"<p>\u00a1Llevamos a tus alumnos a un viaje en el tiempo de Madrid a San Lorenzo de El Escorial! Excursiones teatralizadas donde vivir\u00e1n la historia del siglo XVI rodeados de personajes de \u00e9poca y a bordo de un tren hist\u00f3rico Patrimonio de la Comunidad de Madrid. No pierdas la oportunidad de que tus alumnos vivan este magn\u00edfico viaje al pasado donde se entremezclan cultura, naturaleza y diversi\u00f3n para alumnos de todas las edades. Rellena el siguiente formulario y te haremos llegar un fant\u00e1stico dossier que describe las actividades del Tren de Felipe II de ALSA para escolares y todos los detalles&hellip;<\/p>\n","category_list_v2":"","author_info_v2":{"name":"trenfelipeii","url":"https:\/\/www.trendefelipeii.com\/es\/author\/trenfelipeii\/"},"comments_num_v2":"0 comentarios","yoast_head":"<!-- This site is optimized with the Yoast SEO plugin v18.0 - https:\/\/yoast.com\/wordpress\/plugins\/seo\/ -->\n<title>Informaci\u00f3n para Colegios - Tren de Felipe II<\/title>\n<meta name=\"description\" content=\"Descarga el folleto para escolares del Tren de Felipe II de ALSA.\" \/>\n<meta name=\"robots\" content=\"noindex, nofollow\" \/>\n<meta property=\"og:locale\" content=\"es_ES\" \/>\n<meta property=\"og:type\" content=\"article\" \/>\n<meta property=\"og:title\" content=\"Informaci\u00f3n para Colegios - Tren de Felipe II\" \/>\n<meta property=\"og:description\" content=\"Descarga el folleto para escolares del Tren de Felipe II de ALSA.\" \/>\n<meta property=\"og:url\" content=\"https:\/\/www.trendefelipeii.com\/es\/folleto-informacion-colegios\/\" \/>\n<meta property=\"og:site_name\" content=\"Tren de Felipe II\" \/>\n<meta property=\"article:modified_time\" content=\"2023-11-02T09:47:15+00:00\" \/>\n<meta property=\"og:image\" content=\"https:\/\/www.trendefelipeii.com\/wp-content\/uploads\/2021\/02\/Registrate-folleto-escolares.jpg\" \/>\n<meta name=\"twitter:card\" content=\"summary_large_image\" \/>\n<meta name=\"twitter:label1\" content=\"Tiempo de lectura\" \/>\n\t<meta name=\"twitter:data1\" content=\"2 minutos\" \/>\n<script type=\"application\/ld+json\" class=\"yoast-schema-graph\">{\"@context\":\"https:\/\/schema.org\",\"@graph\":[{\"@type\":\"WebSite\",\"@id\":\"https:\/\/www.trendefelipeii.com\/es\/#website\",\"url\":\"https:\/\/www.trendefelipeii.com\/es\/\",\"name\":\"Tren de Felipe II\",\"description\":\"Un viaje apasionante a otra \u00e9poca\",\"potentialAction\":[{\"@type\":\"SearchAction\",\"target\":{\"@type\":\"EntryPoint\",\"urlTemplate\":\"https:\/\/www.trendefelipeii.com\/es\/?s={search_term_string}\"},\"query-input\":\"required name=search_term_string\"}],\"inLanguage\":\"es\"},{\"@type\":\"ImageObject\",\"@id\":\"https:\/\/www.trendefelipeii.com\/es\/folleto-informacion-colegios\/#primaryimage\",\"inLanguage\":\"es\",\"url\":\"https:\/\/www.trendefelipeii.com\/wp-content\/uploads\/2021\/02\/Registrate-folleto-escolares.jpg\",\"contentUrl\":\"https:\/\/www.trendefelipeii.com\/wp-content\/uploads\/2021\/02\/Registrate-folleto-escolares.jpg\"},{\"@type\":\"WebPage\",\"@id\":\"https:\/\/www.trendefelipeii.com\/es\/folleto-informacion-colegios\/#webpage\",\"url\":\"https:\/\/www.trendefelipeii.com\/es\/folleto-informacion-colegios\/\",\"name\":\"Informaci\u00f3n para Colegios - Tren de Felipe II\",\"isPartOf\":{\"@id\":\"https:\/\/www.trendefelipeii.com\/es\/#website\"},\"primaryImageOfPage\":{\"@id\":\"https:\/\/www.trendefelipeii.com\/es\/folleto-informacion-colegios\/#primaryimage\"},\"datePublished\":\"2021-02-01T11:58:53+00:00\",\"dateModified\":\"2023-11-02T09:47:15+00:00\",\"description\":\"Descarga el folleto para escolares del Tren de Felipe II de ALSA.\",\"breadcrumb\":{\"@id\":\"https:\/\/www.trendefelipeii.com\/es\/folleto-informacion-colegios\/#breadcrumb\"},\"inLanguage\":\"es\",\"potentialAction\":[{\"@type\":\"ReadAction\",\"target\":[\"https:\/\/www.trendefelipeii.com\/es\/folleto-informacion-colegios\/\"]}]},{\"@type\":\"BreadcrumbList\",\"@id\":\"https:\/\/www.trendefelipeii.com\/es\/folleto-informacion-colegios\/#breadcrumb\",\"itemListElement\":[{\"@type\":\"ListItem\",\"position\":1,\"name\":\"Inicio\",\"item\":\"https:\/\/www.trendefelipeii.com\/es\/\"},{\"@type\":\"ListItem\",\"position\":2,\"name\":\"Informaci\u00f3n para Colegios\"}]}]}<\/script>\n<!-- \/ Yoast SEO plugin. -->","yoast_head_json":{"title":"Informaci\u00f3n para Colegios - Tren de Felipe II","description":"Descarga el folleto para escolares del Tren de Felipe II de ALSA.","robots":{"index":"noindex","follow":"nofollow"},"og_locale":"es_ES","og_type":"article","og_title":"Informaci\u00f3n para Colegios - Tren de Felipe II","og_description":"Descarga el folleto para escolares del Tren de Felipe II de ALSA.","og_url":"https:\/\/www.trendefelipeii.com\/es\/folleto-informacion-colegios\/","og_site_name":"Tren de Felipe II","article_modified_time":"2023-11-02T09:47:15+00:00","og_image":[{"url":"https:\/\/www.trendefelipeii.com\/wp-content\/uploads\/2021\/02\/Registrate-folleto-escolares.jpg"}],"twitter_card":"summary_large_image","twitter_misc":{"Tiempo de lectura":"2 minutos"},"schema":{"@context":"https:\/\/schema.org","@graph":[{"@type":"WebSite","@id":"https:\/\/www.trendefelipeii.com\/es\/#website","url":"https:\/\/www.trendefelipeii.com\/es\/","name":"Tren de Felipe II","description":"Un viaje apasionante a otra \u00e9poca","potentialAction":[{"@type":"SearchAction","target":{"@type":"EntryPoint","urlTemplate":"https:\/\/www.trendefelipeii.com\/es\/?s={search_term_string}"},"query-input":"required name=search_term_string"}],"inLanguage":"es"},{"@type":"ImageObject","@id":"https:\/\/www.trendefelipeii.com\/es\/folleto-informacion-colegios\/#primaryimage","inLanguage":"es","url":"https:\/\/www.trendefelipeii.com\/wp-content\/uploads\/2021\/02\/Registrate-folleto-escolares.jpg","contentUrl":"https:\/\/www.trendefelipeii.com\/wp-content\/uploads\/2021\/02\/Registrate-folleto-escolares.jpg"},{"@type":"WebPage","@id":"https:\/\/www.trendefelipeii.com\/es\/folleto-informacion-colegios\/#webpage","url":"https:\/\/www.trendefelipeii.com\/es\/folleto-informacion-colegios\/","name":"Informaci\u00f3n para Colegios - Tren de Felipe II","isPartOf":{"@id":"https:\/\/www.trendefelipeii.com\/es\/#website"},"primaryImageOfPage":{"@id":"https:\/\/www.trendefelipeii.com\/es\/folleto-informacion-colegios\/#primaryimage"},"datePublished":"2021-02-01T11:58:53+00:00","dateModified":"2023-11-02T09:47:15+00:00","description":"Descarga el folleto para escolares del Tren de Felipe II de ALSA.","breadcrumb":{"@id":"https:\/\/www.trendefelipeii.com\/es\/folleto-informacion-colegios\/#breadcrumb"},"inLanguage":"es","potentialAction":[{"@type":"ReadAction","target":["https:\/\/www.trendefelipeii.com\/es\/folleto-informacion-colegios\/"]}]},{"@type":"BreadcrumbList","@id":"https:\/\/www.trendefelipeii.com\/es\/folleto-informacion-colegios\/#breadcrumb","itemListElement":[{"@type":"ListItem","position":1,"name":"Inicio","item":"https:\/\/www.trendefelipeii.com\/es\/"},{"@type":"ListItem","position":2,"name":"Informaci\u00f3n para Colegios"}]}]}},"_links":{"self":[{"href":"https:\/\/www.trendefelipeii.com\/es\/wp-json\/wp\/v2\/pages\/5881"}],"collection":[{"href":"https:\/\/www.trendefelipeii.com\/es\/wp-json\/wp\/v2\/pages"}],"about":[{"href":"https:\/\/www.trendefelipeii.com\/es\/wp-json\/wp\/v2\/types\/page"}],"author":[{"embeddable":true,"href":"https:\/\/www.trendefelipeii.com\/es\/wp-json\/wp\/v2\/users\/1"}],"replies":[{"embeddable":true,"href":"https:\/\/www.trendefelipeii.com\/es\/wp-json\/wp\/v2\/comments?post=5881"}],"version-history":[{"count":33,"href":"https:\/\/www.trendefelipeii.com\/es\/wp-json\/wp\/v2\/pages\/5881\/revisions"}],"predecessor-version":[{"id":8749,"href":"https:\/\/www.trendefelipeii.com\/es\/wp-json\/wp\/v2\/pages\/5881\/revisions\/8749"}],"wp:attachment":[{"href":"https:\/\/www.trendefelipeii.com\/es\/wp-json\/wp\/v2\/media?parent=5881"}],"curies":[{"name":"wp","href":"https:\/\/api.w.org\/{rel}","templated":true}]}}