{"id":54,"date":"2019-07-18T18:09:01","date_gmt":"2019-07-18T16:09:01","guid":{"rendered":"https:\/\/www.trendefelipeii.com\/?page_id=54"},"modified":"2026-04-17T10:53:48","modified_gmt":"2026-04-17T08:53:48","slug":"tren-de-felipe-ii","status":"publish","type":"page","link":"https:\/\/www.trendefelipeii.com\/es\/","title":{"rendered":"Home"},"content":{"rendered":"<div class=\"tren-felipe-ii-carousel\"><ul><li class=\"active\" style=\"background-image: url('\/wp-content\/uploads\/2019\/09\/tren-felipe-ii-alsa-home2.jpg')\"><div class=\"text-container\"><div class=\"title\">un apasionante viaje a otra \u00e9poca<\/div><div class=\"subtitle\">MADRID \u00b7 EL ESCORIAL<\/div><\/div><\/li><li style=\"background-image: url('\/wp-content\/uploads\/2019\/09\/tren-felipe-ii-alsa-home3.jpg')\"><div class=\"text-container\"><div class=\"title\">un apasionante viaje a otra \u00e9poca<\/div><div class=\"subtitle\">MADRID \u00b7 EL ESCORIAL<\/div><\/div><\/li><li style=\"background-image: url('\/wp-content\/uploads\/2019\/09\/tren-felipe-ii-alsa-home1.jpg')\"><div class=\"text-container\"><div class=\"title\">un apasionante viaje a otra \u00e9poca<\/div><div class=\"subtitle\">MADRID \u00b7 EL ESCORIAL<\/div><\/div><\/li><\/ul><\/div>\n\n\n\n<p class=\"tren-felipe-ii-block-only-text\"><\/p>\n\n\n\n<div class=\"wp-block-stackable-button-group stk-block-button-group stk-block stk-144335c\" data-block-id=\"144335c\"><div class=\"stk-row stk-inner-blocks has-text-align-center stk-block-content stk-button-group\">\n<div class=\"wp-block-stackable-button stk-block-button stk-block stk-c67d069\" data-block-id=\"c67d069\"><style>.stk-c67d069{display:flex !important}.stk-c67d069{align-items:flex-start !important}.stk-c67d069{top:15px !important}.stk-c67d069 .stk-button{min-height:62px !important;padding-top:9px !important;padding-right:17px !important;padding-bottom:9px !important;padding-left:17px !important;background:#c7d301 !important}<\/style><a class=\"stk-link stk-button stk--hover-effect-darken\" href=\"https:\/\/www.trenesturisticos.com\/trenes\/tren-de-felipe-ii\"><span class=\"stk-button__inner-text\">Haz clic aqu\u00ed para comprar tus billetes\n<\/span><\/a><\/div>\n<\/div><\/div>\n\n\n\n<div class=\"wp-block-stackable-spacer stk-block-spacer stk--no-padding stk-block stk-d55ad03\" data-block-id=\"d55ad03\"><\/div>\n\n\n\n<div class=\"wp-block-ugb-container ugb-container ugb-c3c9175 ugb-container--v2 ugb-container--design-plain ugb-main-block\"><style>@media screen and (min-width:768px){.ugb-c3c9175-content-wrapper.ugb-container__content-wrapper{width:65% !important}.ugb-c3c9175.ugb-container{margin-top:-50px !important;padding-top:0px !important}}@media screen and (max-width:768px){.ugb-c3c9175-content-wrapper.ugb-container__content-wrapper{width:80% !important}.ugb-c3c9175.ugb-container{margin-top:-35px !important}}<\/style><div class=\"ugb-inner-block\"><div class=\"ugb-block-content\"><div class=\"ugb-container__wrapper ugb-c3c9175-wrapper\"><div class=\"ugb-container__side\"><div class=\"ugb-container__content-wrapper ugb-c3c9175-content-wrapper\">\n<div class=\"wp-block-stackable-heading stk-block-heading stk-block stk-28b4a5a\" data-block-id=\"28b4a5a\"><h2 class=\"stk-block-heading__text\"> \u00a1Sube a bordo y vive una experiencia \u00fanica! <\/h2><\/div>\n\n\n\n<p class=\"has-text-color\" style=\"color:#648798\">Te invitamos a participar en un incre\u00edble viaje en el tiempo a bordo de un tren del siglo pasado. Descubre de una manera inigualable la historia y riqueza monumental de San Lorenzo de El Escorial en un Tren Patrimonio de la Comunidad de Madrid. <\/p>\n\n\n\n<p>Un recorrido de 50 minutos de duraci\u00f3n a trav\u00e9s de la Sierra de Guadarrama que comienza en la Estaci\u00f3n de Tren de Pr\u00edncipe P\u00edo y cuyo destino es la Estaci\u00f3n de Tren de El Escorial. Una vez all\u00ed, podr\u00e1s disfrutar de la riqueza cultural, paisaj\u00edstica y gastron\u00f3mica que ofrece el municipio de San Lorenzo de El Escorial. <\/p>\n\n\n\n<p>El tren circula todos los s\u00e1bados, domingos y festivos (Madrid) desde el 21 de marzo hasta 14 de junio y desde el 21 de septiembre hasta el 14 de diciembre. <\/p>\n\n\n\n<p>Consulta la informaci\u00f3n m\u00e1s actualizada en: <a href=\"https:\/\/www.trenesturisticos.com\/trenes\/tren-de-felipe-ii\" target=\"_blank\" rel=\"noreferrer noopener\">https:\/\/www.trenesturisticos.com\/trenes\/tren-de-felipe-ii<\/a><\/p>\n\n\n\n<h2>Recorrido Tren de Felipe II<\/h2>\n\n\n\n<p>El recorrido comienza en la Estaci\u00f3n de Tren de Pr\u00edncipe P\u00edo a las 10am. Un grupo de actores vestidos de la \u00e9poca te recibir\u00e1 a pie de and\u00e9n, acompa\u00f1\u00e1ndote a lo largo del trayecto y cont\u00e1ndote an\u00e9cdotas e historias de todo lo que rode\u00f3 a Felipe II. <\/p>\n\n\n\n<p>Una vez hayas llegado a la Estaci\u00f3n de Tren El Escorial, podr\u00e1s disfrutar del Real Monasterio, sus jardines o del Real Sitio de San Lorenzo de El Escorial, en funci\u00f3n del pack elegido, adem\u00e1s de la maravillosa oferta gastron\u00f3mica y paisaj\u00edstica. <\/p>\n\n\n\n<p>Sobre las 17.15h, el Tren de Felipe II regresar\u00e1 a la Estaci\u00f3n de Tren de Pr\u00edncipe P\u00edo. <\/p>\n<\/div><\/div><\/div><\/div><\/div><\/div>\n\n\n\n<div class=\"wp-block-image is-style-default\"><figure class=\"aligncenter size-full is-resized\"><img loading=\"lazy\" src=\"https:\/\/www.trendefelipeii.com\/wp-content\/uploads\/2024\/08\/Itinerario-Tren-de-Felipe-II-2024.png\" alt=\"\" class=\"wp-image-8901\" width=\"872\" height=\"198\" \/><\/figure><\/div>\n\n\n\n<div class=\"wp-block-ugb-container ugb-container ugb-9306c60 ugb-container--v2 ugb-container--design-plain ugb-main-block\"><style>@media screen and (min-width:768px){.ugb-9306c60-content-wrapper.ugb-container__content-wrapper{width:65% !important}.ugb-9306c60.ugb-container{margin-top:-100px !important;margin-bottom:-27px !important}}@media screen and (max-width:768px){.ugb-9306c60-content-wrapper.ugb-container__content-wrapper{width:80% !important}.ugb-9306c60.ugb-container{margin-top:-72px !important;margin-bottom:-62px !important}}<\/style><div class=\"ugb-inner-block\"><div class=\"ugb-block-content\"><div class=\"ugb-container__wrapper ugb-9306c60-wrapper\"><div class=\"ugb-container__side\"><div class=\"ugb-container__content-wrapper ugb-9306c60-content-wrapper\">\n<p><\/p>\n\n\n\n<p><\/p>\n\n\n\n<div class=\"wp-block-stackable-subtitle stk-block-subtitle stk-block stk-1d782e4\" data-block-id=\"1d782e4\"><p class=\"stk-block-subtitle__text stk-subtitle\"> <em>*El tour guiado se realiza en ESPA\u00d1OL. Para reservas en otro idioma consultar en info@trenesturisticos.com<\/em><\/p><\/div>\n\n\n\n<h2>D\u00edas de circulaci\u00f3n del Tren de Felipe II 2026<\/h2>\n\n\n\n<div class=\"wp-block-group\"><div class=\"wp-block-group__inner-container\">\n<div class=\"wp-block-ugb-container ugb-container ugb-38a97e0 ugb-container--v2 ugb-container--design-basic ugb-main-block\"><div class=\"ugb-inner-block\"><div class=\"ugb-block-content\"><div class=\"ugb-container__wrapper ugb-38a97e0-wrapper\"><div class=\"ugb-container__side\"><div class=\"ugb-container__content-wrapper ugb-38a97e0-content-wrapper\">\n<div class=\"wp-block-group\"><div class=\"wp-block-group__inner-container\">\n<ul><li>Marzo: 21, 28<\/li><li>Abril: 2, 3, 4, 5, 11, 12, 18, 19, 25 y 26<\/li><li>Mayo: 2, 3, 9, 10, 15, 16, 17, 23, 24, 30 y 31<\/li><li>Junio: 6, 7, 13, 14 y 20<\/li><li>Septiembre: 19, 26 y 27<\/li><li>Octubre: 3, 4, 10 ,11, 12, 17, 18, 24, 25 y 31<\/li><li>Noviembre: 1, 7, 8, 14, 15, 21, 22, 28 y 29<\/li><li>Diciembre: 5, 6, 8 y 12<\/li><\/ul>\n<\/div><\/div>\n\n\n\n<p><\/p>\n<\/div><\/div><\/div><\/div><\/div><\/div>\n\n\n\n<p><\/p>\n<\/div><\/div>\n\n\n\n<p class=\"has-text-color\" style=\"color:#648798\">Si quieres recibir m\u00e1s informaci\u00f3n sobre la actividad, organizar un viaje a medida o hacer alguna consulta, contacta con nosotros a trav\u00e9s del formulario. <\/p>\n\n\n\n<p> <em>*El tour guiado se realiza en ESPA\u00d1OL. Para reservas en otro idioma consultar en info@trendefelipeii.com<\/em> <\/p>\n<\/div><\/div><\/div><\/div><\/div><\/div>\n\n\n\n<div class=\"wp-block-stackable-button-group stk-block-button-group stk-block stk-9d8ac00\" data-block-id=\"9d8ac00\"><div class=\"stk-row stk-inner-blocks has-text-align-center stk-block-content stk-button-group\">\n<div class=\"wp-block-stackable-button stk-block-button stk-block stk-99ab456\" data-block-id=\"99ab456\"><style>.stk-99ab456{top:15px !important}.stk-99ab456 .stk-button{min-height:62px !important;padding-top:9px !important;padding-right:17px !important;padding-bottom:9px !important;padding-left:17px !important;background:#c7d301 !important}<\/style><a class=\"stk-link stk-button stk--hover-effect-darken\" href=\"https:\/\/www.trendefelipeii.com\/es\/detalles-y-secretos-del-tren-de-felipe-ii\/\"><span class=\"stk-button__inner-text\">CONTACTA CON NOSOTROS<\/span><\/a><\/div>\n<\/div><\/div>\n\n\n\n<p><\/p>\n\n\n<div class=\"tren-felipe-ii-carrousel-2 packs-carrousel\" id=\"packs_table\" >\n    <div class=\"carrousel-container\">\n        <ul>\n                    <style type=\"text\/css\">\n            .main-info.pack1 {\n                background-image: url(https:\/\/www.trendefelipeii.com\/wp-content\/uploads\/2019\/07\/packscarrusel_ampliado_fondo_1524061235622.jpg);\n            }\n        <\/style>\n                <li>\n            <div data-href=\"\/es\/pack-imperial\/?pack=pack1\" class=\"open-pack-details\">\n                <div class=\"header-info\" style=\"background-image: url(https:\/\/www.trendefelipeii.com\/wp-content\/uploads\/2019\/07\/packscarrusel_imagen_1520943439017.jpg)\">\n                    <div class=\"background-rotated\"><\/div>\n                    <div class=\"price\">\n                        <span class=\"prefix\">Desde<\/span>\n                        <span class=\"amount\">37 \u20ac<\/span>\n                    <\/div>\n                <\/div>\n                <div class=\"body-info\">\n                    <h4>Pack Imperial<\/h4>\n                    <div class=\"description\">Tren Hist\u00f3rico + Visita guiada al Real sitio de San Lorenzo de El Escorial y su Monasterio<\/div>\n                    <div class=\"button-more-information\">M\u00e1s informaci\u00f3n<\/div>\n                <\/div>\n            <\/div>\n        <\/li>\n                <style type=\"text\/css\">\n            .main-info.pack2 {\n                background-image: url(https:\/\/www.trendefelipeii.com\/wp-content\/uploads\/2019\/07\/DetalleAmpliadoLeyendas_2404x1313px.jpg);\n            }\n        <\/style>\n                <li>\n            <div data-href=\"\/es\/pack-leyendas\/?pack=pack2\" class=\"open-pack-details\">\n                <div class=\"header-info\" style=\"background-image: url(https:\/\/www.trendefelipeii.com\/wp-content\/uploads\/2019\/07\/DestacadoCarrouselLeyendas_2404x1315px.jpg)\">\n                    <div class=\"background-rotated\"><\/div>\n                    <div class=\"price\">\n                        <span class=\"prefix\">Desde<\/span>\n                        <span class=\"amount\">27 \u20ac<\/span>\n                    <\/div>\n                <\/div>\n                <div class=\"body-info\">\n                    <h4>PACK LEYENDAS<\/h4>\n                    <div class=\"description\">Tren hist\u00f3rico + R. Panor\u00e1mico + Visita caracterizada a San Lorenzo, Jardines de la Casita del Infante y Monasterio (Jardines)<\/div>\n                    <div class=\"button-more-information\">M\u00e1s informaci\u00f3n<\/div>\n                <\/div>\n            <\/div>\n        <\/li>\n                <style type=\"text\/css\">\n            .main-info.pack3 {\n                background-image: url(https:\/\/www.trendefelipeii.com\/wp-content\/uploads\/2019\/07\/packscarrusel_ampliado_fondo_1537884016404.jpg);\n            }\n        <\/style>\n                <li>\n            <div data-href=\"\/es\/pack-travesia\/?pack=pack3\" class=\"open-pack-details\">\n                <div class=\"header-info\" style=\"background-image: url(\/wp-content\/uploads\/2019\/07\/pack-travesia-tren-de-felipe-ii-carrousel.jpg)\">\n                    <div class=\"background-rotated\"><\/div>\n                    <div class=\"price\">\n                        <span class=\"prefix\">Desde<\/span>\n                        <span class=\"amount\">18 \u20ac<\/span>\n                    <\/div>\n                <\/div>\n                <div class=\"body-info\">\n                    <h4>Pack traves\u00eda<\/h4>\n                    <div class=\"description\">Viaje en Tren Hist\u00f3rico y entrada al Monasterio para visita libre<\/div>\n                    <div class=\"button-more-information\">M\u00e1s informaci\u00f3n<\/div>\n                <\/div>\n            <\/div>\n        <\/li>\n                <li>\n            <div data-href=\"\/es\/horarios\/#viajeamedida\" class=\"open-pack-details\">\n                <div class=\"header-info\" style=\"background-image: url(\/wp-content\/uploads\/2019\/07\/packscarrusel_imagen_1537884420824.png)\">\n                    <div class=\"background-rotated\"><\/div>\n                    <div class=\"price\">\n                        <span class=\"prefix\">Consultar<\/span>\n                        <span class=\"amount\"><\/span>\n                    <\/div>\n                <\/div>\n                <div class=\"body-info\">\n                    <h4>Viaje a medida<\/h4>\n                    <div class=\"description\">Dise\u00f1a el viaje a tu gusto<\/div>\n                    <div class=\"button-more-information\">M\u00e1s informaci\u00f3n<\/div>\n                <\/div>\n            <\/div>\n        <\/li>\n                    <div class=\"clearfix\"><\/div>\n        <\/ul>\n        <div class=\"bullets-container\"><\/div>\n    <\/div>\n<\/div>\n\n\n\n\n<p><\/p>\n","protected":false},"excerpt":{"rendered":"<p>Haz clic aqu\u00ed para comprar tus billetes \u00a1Sube a bordo y vive una experiencia \u00fanica! Te invitamos a participar en un incre\u00edble viaje en el tiempo a bordo de un tren del siglo pasado. Descubre de una manera inigualable la historia y riqueza monumental de San Lorenzo de El Escorial en un Tren Patrimonio de [&hellip;]<\/p>\n","protected":false},"author":1,"featured_media":0,"parent":0,"menu_order":0,"comment_status":"closed","ping_status":"closed","template":"","meta":[],"featured_image_urls":{"full":"","thumbnail":"","medium":"","medium_large":"","large":"","1536x1536":"","2048x2048":""},"post_excerpt_stackable":"<p>un apasionante viaje a otra \u00e9pocaMADRID \u00b7 EL ESCORIALun apasionante viaje a otra \u00e9pocaMADRID \u00b7 EL ESCORIALun apasionante viaje a otra \u00e9pocaMADRID \u00b7 EL ESCORIAL Haz clic aqu\u00ed para comprar tus billetes \u00a1Sube a bordo y vive una experiencia \u00fanica! Te invitamos a participar en un incre\u00edble viaje en el tiempo a bordo de un tren del siglo pasado. Descubre de una manera inigualable la historia y riqueza monumental de San Lorenzo de El Escorial en un Tren Patrimonio de la Comunidad de Madrid. Un recorrido de 50 minutos de duraci\u00f3n a trav\u00e9s de la Sierra de Guadarrama que comienza&hellip;<\/p>\n","category_list":"","author_info":{"name":"trenfelipeii","url":"https:\/\/www.trendefelipeii.com\/es\/author\/trenfelipeii\/"},"comments_num":"0 comentarios","featured_image_urls_v2":{"full":"","thumbnail":"","medium":"","medium_large":"","large":"","1536x1536":"","2048x2048":""},"post_excerpt_stackable_v2":"<p>un apasionante viaje a otra \u00e9pocaMADRID \u00b7 EL ESCORIALun apasionante viaje a otra \u00e9pocaMADRID \u00b7 EL ESCORIALun apasionante viaje a otra \u00e9pocaMADRID \u00b7 EL ESCORIAL Haz clic aqu\u00ed para comprar tus billetes \u00a1Sube a bordo y vive una experiencia \u00fanica! Te invitamos a participar en un incre\u00edble viaje en el tiempo a bordo de un tren del siglo pasado. Descubre de una manera inigualable la historia y riqueza monumental de San Lorenzo de El Escorial en un Tren Patrimonio de la Comunidad de Madrid. Un recorrido de 50 minutos de duraci\u00f3n a trav\u00e9s de la Sierra de Guadarrama que comienza&hellip;<\/p>\n","category_list_v2":"","author_info_v2":{"name":"trenfelipeii","url":"https:\/\/www.trendefelipeii.com\/es\/author\/trenfelipeii\/"},"comments_num_v2":"0 comentarios","yoast_head":"<!-- This site is optimized with the Yoast SEO plugin v18.0 - https:\/\/yoast.com\/wordpress\/plugins\/seo\/ -->\n<title>Home - Tren de Felipe II<\/title>\n<meta name=\"description\" content=\"Viaje hist\u00f3rico en un tren restaurado del siglo pasado con destino San Lorenzo de El Escorial. Salidas Estaci\u00f3n Pr\u00edncipe P\u00edo de Madrid.\" \/>\n<meta name=\"robots\" content=\"index, follow, max-snippet:-1, max-image-preview:large, max-video-preview:-1\" \/>\n<link rel=\"canonical\" href=\"https:\/\/www.trendefelipeii.com\/es\/\" \/>\n<meta property=\"og:locale\" content=\"es_ES\" \/>\n<meta property=\"og:type\" content=\"article\" \/>\n<meta property=\"og:title\" content=\"Home - Tren de Felipe II\" \/>\n<meta property=\"og:description\" content=\"Viaje hist\u00f3rico en un tren restaurado del siglo pasado con destino San Lorenzo de El Escorial. Salidas Estaci\u00f3n Pr\u00edncipe P\u00edo de Madrid.\" \/>\n<meta property=\"og:url\" content=\"https:\/\/www.trendefelipeii.com\/es\/\" \/>\n<meta property=\"og:site_name\" content=\"Tren de Felipe II\" \/>\n<meta property=\"article:modified_time\" content=\"2026-04-17T08:53:48+00:00\" \/>\n<meta property=\"og:image\" content=\"https:\/\/www.trendefelipeii.com\/wp-content\/uploads\/2024\/08\/Itinerario-Tren-de-Felipe-II-2024.png\" \/>\n<meta name=\"twitter:card\" content=\"summary_large_image\" \/>\n<meta name=\"twitter:label1\" content=\"Tiempo de lectura\" \/>\n\t<meta name=\"twitter:data1\" content=\"3 minutos\" \/>\n<script type=\"application\/ld+json\" class=\"yoast-schema-graph\">{\"@context\":\"https:\/\/schema.org\",\"@graph\":[{\"@type\":\"WebSite\",\"@id\":\"https:\/\/www.trendefelipeii.com\/es\/#website\",\"url\":\"https:\/\/www.trendefelipeii.com\/es\/\",\"name\":\"Tren de Felipe II\",\"description\":\"Un viaje apasionante a otra \u00e9poca\",\"potentialAction\":[{\"@type\":\"SearchAction\",\"target\":{\"@type\":\"EntryPoint\",\"urlTemplate\":\"https:\/\/www.trendefelipeii.com\/es\/?s={search_term_string}\"},\"query-input\":\"required name=search_term_string\"}],\"inLanguage\":\"es\"},{\"@type\":\"ImageObject\",\"@id\":\"https:\/\/www.trendefelipeii.com\/es\/#primaryimage\",\"inLanguage\":\"es\",\"url\":\"https:\/\/www.trendefelipeii.com\/wp-content\/uploads\/2024\/08\/Itinerario-Tren-de-Felipe-II-2024.png\",\"contentUrl\":\"https:\/\/www.trendefelipeii.com\/wp-content\/uploads\/2024\/08\/Itinerario-Tren-de-Felipe-II-2024.png\"},{\"@type\":\"WebPage\",\"@id\":\"https:\/\/www.trendefelipeii.com\/es\/#webpage\",\"url\":\"https:\/\/www.trendefelipeii.com\/es\/\",\"name\":\"Home - Tren de Felipe II\",\"isPartOf\":{\"@id\":\"https:\/\/www.trendefelipeii.com\/es\/#website\"},\"primaryImageOfPage\":{\"@id\":\"https:\/\/www.trendefelipeii.com\/es\/#primaryimage\"},\"datePublished\":\"2019-07-18T16:09:01+00:00\",\"dateModified\":\"2026-04-17T08:53:48+00:00\",\"description\":\"Viaje hist\u00f3rico en un tren restaurado del siglo pasado con destino San Lorenzo de El Escorial. Salidas Estaci\u00f3n Pr\u00edncipe P\u00edo de Madrid.\",\"breadcrumb\":{\"@id\":\"https:\/\/www.trendefelipeii.com\/es\/#breadcrumb\"},\"inLanguage\":\"es\",\"potentialAction\":[{\"@type\":\"ReadAction\",\"target\":[\"https:\/\/www.trendefelipeii.com\/es\/\"]}]},{\"@type\":\"BreadcrumbList\",\"@id\":\"https:\/\/www.trendefelipeii.com\/es\/#breadcrumb\",\"itemListElement\":[{\"@type\":\"ListItem\",\"position\":1,\"name\":\"Inicio\",\"item\":\"https:\/\/www.trendefelipeii.com\/es\/\"},{\"@type\":\"ListItem\",\"position\":2,\"name\":\"Home\"}]}]}<\/script>\n<!-- \/ Yoast SEO plugin. -->","yoast_head_json":{"title":"Home - Tren de Felipe II","description":"Viaje hist\u00f3rico en un tren restaurado del siglo pasado con destino San Lorenzo de El Escorial. Salidas Estaci\u00f3n Pr\u00edncipe P\u00edo de Madrid.","robots":{"index":"index","follow":"follow","max-snippet":"max-snippet:-1","max-image-preview":"max-image-preview:large","max-video-preview":"max-video-preview:-1"},"canonical":"https:\/\/www.trendefelipeii.com\/es\/","og_locale":"es_ES","og_type":"article","og_title":"Home - Tren de Felipe II","og_description":"Viaje hist\u00f3rico en un tren restaurado del siglo pasado con destino San Lorenzo de El Escorial. Salidas Estaci\u00f3n Pr\u00edncipe P\u00edo de Madrid.","og_url":"https:\/\/www.trendefelipeii.com\/es\/","og_site_name":"Tren de Felipe II","article_modified_time":"2026-04-17T08:53:48+00:00","og_image":[{"url":"https:\/\/www.trendefelipeii.com\/wp-content\/uploads\/2024\/08\/Itinerario-Tren-de-Felipe-II-2024.png"}],"twitter_card":"summary_large_image","twitter_misc":{"Tiempo de lectura":"3 minutos"},"schema":{"@context":"https:\/\/schema.org","@graph":[{"@type":"WebSite","@id":"https:\/\/www.trendefelipeii.com\/es\/#website","url":"https:\/\/www.trendefelipeii.com\/es\/","name":"Tren de Felipe II","description":"Un viaje apasionante a otra \u00e9poca","potentialAction":[{"@type":"SearchAction","target":{"@type":"EntryPoint","urlTemplate":"https:\/\/www.trendefelipeii.com\/es\/?s={search_term_string}"},"query-input":"required name=search_term_string"}],"inLanguage":"es"},{"@type":"ImageObject","@id":"https:\/\/www.trendefelipeii.com\/es\/#primaryimage","inLanguage":"es","url":"https:\/\/www.trendefelipeii.com\/wp-content\/uploads\/2024\/08\/Itinerario-Tren-de-Felipe-II-2024.png","contentUrl":"https:\/\/www.trendefelipeii.com\/wp-content\/uploads\/2024\/08\/Itinerario-Tren-de-Felipe-II-2024.png"},{"@type":"WebPage","@id":"https:\/\/www.trendefelipeii.com\/es\/#webpage","url":"https:\/\/www.trendefelipeii.com\/es\/","name":"Home - Tren de Felipe II","isPartOf":{"@id":"https:\/\/www.trendefelipeii.com\/es\/#website"},"primaryImageOfPage":{"@id":"https:\/\/www.trendefelipeii.com\/es\/#primaryimage"},"datePublished":"2019-07-18T16:09:01+00:00","dateModified":"2026-04-17T08:53:48+00:00","description":"Viaje hist\u00f3rico en un tren restaurado del siglo pasado con destino San Lorenzo de El Escorial. Salidas Estaci\u00f3n Pr\u00edncipe P\u00edo de Madrid.","breadcrumb":{"@id":"https:\/\/www.trendefelipeii.com\/es\/#breadcrumb"},"inLanguage":"es","potentialAction":[{"@type":"ReadAction","target":["https:\/\/www.trendefelipeii.com\/es\/"]}]},{"@type":"BreadcrumbList","@id":"https:\/\/www.trendefelipeii.com\/es\/#breadcrumb","itemListElement":[{"@type":"ListItem","position":1,"name":"Inicio","item":"https:\/\/www.trendefelipeii.com\/es\/"},{"@type":"ListItem","position":2,"name":"Home"}]}]}},"_links":{"self":[{"href":"https:\/\/www.trendefelipeii.com\/es\/wp-json\/wp\/v2\/pages\/54"}],"collection":[{"href":"https:\/\/www.trendefelipeii.com\/es\/wp-json\/wp\/v2\/pages"}],"about":[{"href":"https:\/\/www.trendefelipeii.com\/es\/wp-json\/wp\/v2\/types\/page"}],"author":[{"embeddable":true,"href":"https:\/\/www.trendefelipeii.com\/es\/wp-json\/wp\/v2\/users\/1"}],"replies":[{"embeddable":true,"href":"https:\/\/www.trendefelipeii.com\/es\/wp-json\/wp\/v2\/comments?post=54"}],"version-history":[{"count":204,"href":"https:\/\/www.trendefelipeii.com\/es\/wp-json\/wp\/v2\/pages\/54\/revisions"}],"predecessor-version":[{"id":9011,"href":"https:\/\/www.trendefelipeii.com\/es\/wp-json\/wp\/v2\/pages\/54\/revisions\/9011"}],"wp:attachment":[{"href":"https:\/\/www.trendefelipeii.com\/es\/wp-json\/wp\/v2\/media?parent=54"}],"curies":[{"name":"wp","href":"https:\/\/api.w.org\/{rel}","templated":true}]}}