{"id":538,"date":"2019-08-09T02:23:57","date_gmt":"2019-08-09T00:23:57","guid":{"rendered":"https:\/\/www.trendefelipeii.com\/es\/?page_id=538"},"modified":"2019-09-27T23:12:29","modified_gmt":"2019-09-27T21:12:29","slug":"legal","status":"publish","type":"page","link":"https:\/\/www.trendefelipeii.com\/es\/legal\/","title":{"rendered":"Aviso Legal"},"content":{"rendered":"\n<p>En virtud de lo expuesto en el art\u00edculo 10 de la Ley 34\/2002, de 11 de julio, de Servicios de la Sociedad de la Informaci\u00f3n y de Comercio Electr\u00f3nico y conforme al principio de transparencia de nuestra compa\u00f1\u00eda se informa a los usuarios del presente sitio web de la siguiente informaci\u00f3n:<\/p>\n\n\n\n<p>Empresa titular de la p\u00e1gina web&nbsp;<a href=\"https:\/\/www.trendefelipeii.com\/\">www.trendefelipeii.com<\/a>: ALSA RAIL, S.L.U.<br>\nCalle Miguel Fleta, 4, 28037, Madrid<br>\nCIF B-83769729<br>\nInscrita en el RM de Madrid, al Tomo 25806, Folio 201, Secci\u00f3n 8. Hoja M-16079.<br>\nDirecci\u00f3n de correo electr\u00f3nico: ajuridica@alsa.es.<\/p>\n\n\n\n<p>Empresa que comercializa los servicios ofrecidos en www.trendefelipesii.com: VIAJES ALSA, S.A.U., agencia de viajes on-line, con domicilio social en Calle Miguel Fleta, 4, 28037, Madrid, CIF A-28689891, inscrita en el Registro Mercantil de Madrid, al Tomo 25806, Folio 201, Secci\u00f3n 8. Hoja M-16079, Licencia CIC-MA: 3548.<\/p>\n\n\n\n<p>Empresa que opera los servicios de transporte en el tren tur\u00edstico ofrecido en&nbsp;<a href=\"https:\/\/www.trendefelipeii.com\/\">www.trendefelipeii.com<\/a>: ALSA FERROCARRIL, S.A.U., con domicilio social en Calle Miguel Fleta, 4, 28031, Madrid, CIF A-83093930, inscrita en el RM de Madrid, al Tomo 17.299, Folio 203, Secci\u00f3n 8\u00aa, Hoja M-296645 con licencia para la explotaci\u00f3n de servicios de transporte ferroviario N\u00ba12\/0VM\/2\/02\/04.<\/p>\n\n\n\n<p><strong>1.- Introducci\u00f3n<\/strong><br>\nEl presente Aviso Legal regula los t\u00e9rminos y condiciones de uso de&nbsp;<a href=\"https:\/\/www.trendefelipeii.com\/\">www.trendefelipeii.com<\/a>. La persona f\u00edsica (en adelante el Usuario), que accede a la p\u00e1gina para informarse y contratar los servicios ofertados a trav\u00e9s de&nbsp;<a href=\"https:\/\/www.trendefelipeii.com\/\">www.trendefelipeii.com<\/a>&nbsp;declara que es mayor de edad (mayor de 18 a\u00f1os) y tiene la capacidad legal necesaria para adquirir los servicios ofrecidos a trav\u00e9s de&nbsp;<a href=\"https:\/\/www.trendefelipeii.com\/\">www.trendefelipeii.com<\/a>&nbsp;y para utilizarlos seg\u00fan las condiciones generales que previamente deber\u00e1 aceptar durante el proceso de compra establecido a tal efecto, las cuales declara comprender y aceptar expresamente. En caso de contrataci\u00f3n por parte de un menor de edad, la empresa no ser\u00e1 en ning\u00fan caso responsable debiendo asumir el menor, padres o tutores los gastos que ello pudiera ocasionar.<\/p>\n\n\n\n<p><strong>2.- Acceso y Uso del Website<\/strong><br>\nToda persona que acceda a este sitio web asume el papel de usuario, comprometi\u00e9ndose a la observancia y cumplimiento riguroso de las disposiciones aqu\u00ed dispuestas, as\u00ed como a cualquier otra disposici\u00f3n legal que fuera de aplicaci\u00f3n.<\/p>\n\n\n\n<p>Una vez seleccionado el producto ofrecido en www.trenfelipeii.com e introducidos sus datos personales, el usuario ser\u00e1 redirigido a la p\u00e1gina web&nbsp;<a href=\"https:\/\/www.alsa.es\/alsa-viajes\">www.alsa.es\/alsa-viajes<\/a>, titularidad de la entidad ALSA GRUPO, S.L.U., con CIF B-82059478 y domicilio social en Calle Miguel Fleta, 4, 28037, Madrid, inscrita en el Registro Mercantil de Madrid al Tomo 13281, Folio 119, Hoja M-215156, donde se completar\u00e1 la compra de los productos seleccionados realiz\u00e1ndose el pago a trav\u00e9s de la misma.<\/p>\n\n\n\n<p>El usuario se compromete a no usar el presente sitio web con fines fraudulentos, as\u00ed como a no llevar a cabo conducta alguna que pudiera da\u00f1ar la imagen, los intereses y los derechos de ALSA RAIL. En caso de incumplimiento por parte del usuario de las condiciones de uso del presente sitio web, o de sospecha razonable por parte de la empresa de que el usuario las est\u00e1 incumpliendo, ALSA RAIL se reserva el derecho a limitar, suspender o terminar su acceso al sitio web, adoptando cualquier medida t\u00e9cnica que sea necesaria con ese fin.<br>\nEl acceso a esta web puede implicar la utilizaci\u00f3n de cookies. Las cookies son peque\u00f1as cantidades de informaci\u00f3n que se almacenan en el navegador utilizado por cada usuario para que el servidor recuerde cierta informaci\u00f3n que posteriormente pueda utilizar. Esta informaci\u00f3n permite identificarle a usted como un usuario concreto y permite guardar sus preferencias personales, as\u00ed como informaci\u00f3n t\u00e9cnica como puedan ser visitas o p\u00e1ginas concretas que visite.<br>\nAquellos usuarios que no deseen recibir cookies o quieran ser informados antes de que se almacenen en su ordenador, pueden configurar su navegador a tal efecto. Para m\u00e1s informaci\u00f3n consulte nuestra&nbsp;Pol\u00edtica de Cookies. ALSA RAIL se exime de cualquier tipo de responsabilidad derivada de la informaci\u00f3n publicada en su sitio web, siempre que esta informaci\u00f3n haya sido manipulada o introducida por un tercero ajeno al mismo.<br>\nALSA RAIL no se responsabiliza en modo alguno y en ning\u00fan caso de aquellos contenidos, actividades comerciales, productos y servicios que pudiesen visualizarse mediante enlaces electr\u00f3nicos (links), directa o indirectamente, a trav\u00e9s del sitio web. La presencia de links en el sitio web, salvo manifestaci\u00f3n expresa en contrario, tiene una finalidad meramente informativa y en ning\u00fan caso supone sugerencia, invitaci\u00f3n o recomendaci\u00f3n sobre los mismos. Estos enlaces no representan ning\u00fan tipo de relaci\u00f3n entre ALSA RAIL y los particulares o empresas que puedan acceder a sitios webs ajenos a ALSA RAIL mediante estos enlaces. ALSA RAIL se reserva el derecho a retirar de modo unilateral y en cualquier momento los links que aparecen en el sitio web.<br>\nALSA RAIL presta sus servicios y contenidos de forma continuada empleando todos los medios t\u00e9cnicos a su alcance para realizar dicha prestaci\u00f3n de forma satisfactoria. ALSA RAIL no se hace responsable de los da\u00f1os y perjuicios de toda naturaleza que pudieran derivarse de la falta de disponibilidad y\/o continuidad t\u00e9cnica del funcionamiento de este sitio web. En cualquier caso, ALSA RAIL llevar\u00e1 a cabo todas las actuaciones necesarias para restablecer sus servicios en caso de fallo t\u00e9cnico.<\/p>\n\n\n\n<p><strong>3.- Responsabilidad<\/strong><br>\nALSA RAIL explota el website, ofreciendo los contenidos, productos y servicios al usuario visitante de&nbsp;<a href=\"https:\/\/www.trendefelipeii.com\/\">www.trendefelipeii.com<\/a>&nbsp;en nombre y por cuenta de los operadores de transporte y la agencia de viajes que comercializa los servicios ofrecidos en la web. En este sentido, ALSA RAIL se ha limitado a incluir los servicios en el website. La contrataci\u00f3n de los servicios ofrecidos en la presente web se realizar\u00e1<\/p>\n\n\n\n<p>La empresa que comercializa los servicios ofrecidos en www.trendefelipesii.com es VIAJES ALSA, S.A.U., agencia de viajes on-line, con domicilio social en Calle Miguel Fleta, 4, 28037, Madrid, CIF A-28689891, inscrita en el Registro Mercantil de Madrid, al Tomo 25806, Folio 201, Secci\u00f3n 8. Hoja M-16079, Licencia CIC-MA: 3548.<\/p>\n\n\n\n<p><strong>4.- Derechos de Propiedad Industrial e Intelectual<\/strong><br>\nLos textos, im\u00e1genes, marcas, gr\u00e1ficos, logotipos, archivos de software, combinaciones de colores, as\u00ed como la estructura, selecci\u00f3n, ordenaci\u00f3n y presentaci\u00f3n de los contenidos de&nbsp;<a href=\"https:\/\/www.trendefelipeii.com\/\">www.trendefelipeii.com<\/a>&nbsp;es propiedad de ALSA RAIL y queda prohibida su reproducci\u00f3n, distribuci\u00f3n, comunicaci\u00f3n p\u00fablica y transformaci\u00f3n. Asimismo, queda prohibida la reproducci\u00f3n, retransmisi\u00f3n, copia, cesi\u00f3n o radiodifusi\u00f3n, total o parcial, de la informaci\u00f3n contenida en estas p\u00e1ginas, cualquiera que fuera su finalidad y el medio utilizado para ello.<br>\nDicho contenido, no podr\u00e1 ser objeto de explotaci\u00f3n, reproducci\u00f3n, distribuci\u00f3n, modificaci\u00f3n, comunicaci\u00f3n p\u00fablica, cesi\u00f3n, transformaci\u00f3n ni de cualquier otro procedimiento de difusi\u00f3n, que no haya sido expresa y previamente autorizado. ALSA RAIL se reserva el ejercicio de las acciones judiciales que le asistan frente a quienes vulneren los derechos de su titularidad a los que se ha hecho referencia.<br>\nALSA RAIL no se har\u00e1 responsable, directa ni subsidiariamente de la infracci\u00f3n por el usuario de los derechos de propiedad intelectual e industrial, de los derechos al honor, a la intimidad personal y familiar y a la imagen de las personas (fotograf\u00edas), de los derechos de propiedad y de toda otra naturaleza pertenecientes a un tercero como consecuencia de la transmisi\u00f3n, difusi\u00f3n, almacenamiento, puesta a disposici\u00f3n, recepci\u00f3n, obtenci\u00f3n o acceso a los contenidos.<\/p>\n\n\n\n<p><strong>5.- Modificaciones<\/strong><br>\nEl portal se reserva el derecho a modificar, limitar o cancelar los t\u00e9rminos y condiciones aplicables al website referido anteriormente. En cualquier caso ser\u00e1n de aplicaci\u00f3n las condiciones que estuviesen en vigor cuando el cliente formaliz\u00f3 la reserva, o las posteriores si \u00e9stas fuesen m\u00e1s favorables para los intereses del consumidor.<br>\nALSA RAIL se reserva el derecho a denegar o retirar el acceso al Portal y\/o a los Servicios, en cualquier momento y sin necesidad de previo aviso a aquellos usuarios que incumplan estas Condiciones Generales.<\/p>\n\n\n\n<p><strong>6.- Legislaci\u00f3n y Fuero aplicable<\/strong><br>\nLas presentes condiciones estar\u00e1n sometidas a la legislaci\u00f3n espa\u00f1ola. Ser\u00e1n competentes para conocer de cualquier litigio que se derive de las presentes condiciones los Juzgados y Tribunales de Madrid, a excepci\u00f3n de que, seg\u00fan lo dispuesto en el Real Decreto Legislativo 1\/2007, de 16 de noviembre, por el que se aprueba el texto refundido de la Ley General para la Defensa de los Consumidores y Usuarios, la contraparte tuviese la condici\u00f3n de consumidor o usuario, en cuyo caso ser\u00e1n competentes los tribunales del domicilio del consumidor.<\/p>\n","protected":false},"excerpt":{"rendered":"<p>En virtud de lo expuesto en el art\u00edculo 10 de la Ley 34\/2002, de 11 de julio, de Servicios de la Sociedad de la Informaci\u00f3n y de Comercio Electr\u00f3nico y conforme al principio de transparencia de nuestra compa\u00f1\u00eda se informa a los usuarios del presente sitio web de la siguiente informaci\u00f3n: Empresa titular de la [&hellip;]<\/p>\n","protected":false},"author":1,"featured_media":511,"parent":0,"menu_order":0,"comment_status":"closed","ping_status":"closed","template":"template-train-felipe-text-page.php","meta":[],"featured_image_urls":{"full":["https:\/\/www.trendefelipeii.com\/wp-content\/uploads\/2019\/08\/contacto_portada_image_1509542322061.jpg",2160,1215,false],"thumbnail":["https:\/\/www.trendefelipeii.com\/wp-content\/uploads\/2019\/08\/contacto_portada_image_1509542322061.jpg",150,84,false],"medium":["https:\/\/www.trendefelipeii.com\/wp-content\/uploads\/2019\/08\/contacto_portada_image_1509542322061.jpg",300,169,false],"medium_large":["https:\/\/www.trendefelipeii.com\/wp-content\/uploads\/2019\/08\/contacto_portada_image_1509542322061.jpg",768,432,false],"large":["https:\/\/www.trendefelipeii.com\/wp-content\/uploads\/2019\/08\/contacto_portada_image_1509542322061.jpg",980,551,false],"1536x1536":["https:\/\/www.trendefelipeii.com\/wp-content\/uploads\/2019\/08\/contacto_portada_image_1509542322061.jpg",1536,864,false],"2048x2048":["https:\/\/www.trendefelipeii.com\/wp-content\/uploads\/2019\/08\/contacto_portada_image_1509542322061.jpg",2048,1152,false]},"post_excerpt_stackable":"<p>En virtud de lo expuesto en el art\u00edculo 10 de la Ley 34\/2002, de 11 de julio, de Servicios de la Sociedad de la Informaci\u00f3n y de Comercio Electr\u00f3nico y conforme al principio de transparencia de nuestra compa\u00f1\u00eda se informa a los usuarios del presente sitio web de la siguiente informaci\u00f3n: Empresa titular de la p\u00e1gina web&nbsp;www.trendefelipeii.com: ALSA RAIL, S.L.U. Calle Miguel Fleta, 4, 28037, Madrid CIF B-83769729 Inscrita en el RM de Madrid, al Tomo 25806, Folio 201, Secci\u00f3n 8. Hoja M-16079. Direcci\u00f3n de correo electr\u00f3nico: ajuridica@alsa.es. Empresa que comercializa los servicios ofrecidos en www.trendefelipesii.com: VIAJES ALSA, S.A.U., agencia&hellip;<\/p>\n","category_list":"","author_info":{"name":"trenfelipeii","url":"https:\/\/www.trendefelipeii.com\/es\/author\/trenfelipeii\/"},"comments_num":"0 comentarios","featured_image_urls_v2":{"full":["https:\/\/www.trendefelipeii.com\/wp-content\/uploads\/2019\/08\/contacto_portada_image_1509542322061.jpg",2160,1215,false],"thumbnail":["https:\/\/www.trendefelipeii.com\/wp-content\/uploads\/2019\/08\/contacto_portada_image_1509542322061.jpg",150,84,false],"medium":["https:\/\/www.trendefelipeii.com\/wp-content\/uploads\/2019\/08\/contacto_portada_image_1509542322061.jpg",300,169,false],"medium_large":["https:\/\/www.trendefelipeii.com\/wp-content\/uploads\/2019\/08\/contacto_portada_image_1509542322061.jpg",768,432,false],"large":["https:\/\/www.trendefelipeii.com\/wp-content\/uploads\/2019\/08\/contacto_portada_image_1509542322061.jpg",980,551,false],"1536x1536":["https:\/\/www.trendefelipeii.com\/wp-content\/uploads\/2019\/08\/contacto_portada_image_1509542322061.jpg",1536,864,false],"2048x2048":["https:\/\/www.trendefelipeii.com\/wp-content\/uploads\/2019\/08\/contacto_portada_image_1509542322061.jpg",2048,1152,false]},"post_excerpt_stackable_v2":"<p>En virtud de lo expuesto en el art\u00edculo 10 de la Ley 34\/2002, de 11 de julio, de Servicios de la Sociedad de la Informaci\u00f3n y de Comercio Electr\u00f3nico y conforme al principio de transparencia de nuestra compa\u00f1\u00eda se informa a los usuarios del presente sitio web de la siguiente informaci\u00f3n: Empresa titular de la p\u00e1gina web&nbsp;www.trendefelipeii.com: ALSA RAIL, S.L.U. Calle Miguel Fleta, 4, 28037, Madrid CIF B-83769729 Inscrita en el RM de Madrid, al Tomo 25806, Folio 201, Secci\u00f3n 8. Hoja M-16079. Direcci\u00f3n de correo electr\u00f3nico: ajuridica@alsa.es. Empresa que comercializa los servicios ofrecidos en www.trendefelipesii.com: VIAJES ALSA, S.A.U., agencia&hellip;<\/p>\n","category_list_v2":"","author_info_v2":{"name":"trenfelipeii","url":"https:\/\/www.trendefelipeii.com\/es\/author\/trenfelipeii\/"},"comments_num_v2":"0 comentarios","yoast_head":"<!-- This site is optimized with the Yoast SEO plugin v18.0 - https:\/\/yoast.com\/wordpress\/plugins\/seo\/ -->\n<title>Aviso Legal - Tren de Felipe II<\/title>\n<meta name=\"robots\" content=\"index, follow, max-snippet:-1, max-image-preview:large, max-video-preview:-1\" \/>\n<link rel=\"canonical\" href=\"https:\/\/www.trendefelipeii.com\/es\/legal\/\" \/>\n<meta property=\"og:locale\" content=\"es_ES\" \/>\n<meta property=\"og:type\" content=\"article\" \/>\n<meta property=\"og:title\" content=\"Aviso Legal - Tren de Felipe II\" \/>\n<meta property=\"og:description\" content=\"En virtud de lo expuesto en el art\u00edculo 10 de la Ley 34\/2002, de 11 de julio, de Servicios de la Sociedad de la Informaci\u00f3n y de Comercio Electr\u00f3nico y conforme al principio de transparencia de nuestra compa\u00f1\u00eda se informa a los usuarios del presente sitio web de la siguiente informaci\u00f3n: Empresa titular de la [&hellip;]\" \/>\n<meta property=\"og:url\" content=\"https:\/\/www.trendefelipeii.com\/es\/legal\/\" \/>\n<meta property=\"og:site_name\" content=\"Tren de Felipe II\" \/>\n<meta property=\"article:modified_time\" content=\"2019-09-27T21:12:29+00:00\" \/>\n<meta property=\"og:image\" content=\"https:\/\/www.trendefelipeii.com\/wp-content\/uploads\/2019\/08\/contacto_portada_image_1509542322061.jpg\" \/>\n\t<meta property=\"og:image:width\" content=\"2160\" \/>\n\t<meta property=\"og:image:height\" content=\"1215\" \/>\n\t<meta property=\"og:image:type\" content=\"image\/jpeg\" \/>\n<meta name=\"twitter:card\" content=\"summary_large_image\" \/>\n<meta name=\"twitter:label1\" content=\"Tiempo de lectura\" \/>\n\t<meta name=\"twitter:data1\" content=\"7 minutos\" \/>\n<script type=\"application\/ld+json\" class=\"yoast-schema-graph\">{\"@context\":\"https:\/\/schema.org\",\"@graph\":[{\"@type\":\"WebSite\",\"@id\":\"https:\/\/www.trendefelipeii.com\/es\/#website\",\"url\":\"https:\/\/www.trendefelipeii.com\/es\/\",\"name\":\"Tren de Felipe II\",\"description\":\"Un viaje apasionante a otra \u00e9poca\",\"potentialAction\":[{\"@type\":\"SearchAction\",\"target\":{\"@type\":\"EntryPoint\",\"urlTemplate\":\"https:\/\/www.trendefelipeii.com\/es\/?s={search_term_string}\"},\"query-input\":\"required name=search_term_string\"}],\"inLanguage\":\"es\"},{\"@type\":\"ImageObject\",\"@id\":\"https:\/\/www.trendefelipeii.com\/es\/legal\/#primaryimage\",\"inLanguage\":\"es\",\"url\":\"https:\/\/www.trendefelipeii.com\/wp-content\/uploads\/2019\/08\/contacto_portada_image_1509542322061.jpg\",\"contentUrl\":\"https:\/\/www.trendefelipeii.com\/wp-content\/uploads\/2019\/08\/contacto_portada_image_1509542322061.jpg\",\"width\":2160,\"height\":1215},{\"@type\":\"WebPage\",\"@id\":\"https:\/\/www.trendefelipeii.com\/es\/legal\/#webpage\",\"url\":\"https:\/\/www.trendefelipeii.com\/es\/legal\/\",\"name\":\"Aviso Legal - Tren de Felipe II\",\"isPartOf\":{\"@id\":\"https:\/\/www.trendefelipeii.com\/es\/#website\"},\"primaryImageOfPage\":{\"@id\":\"https:\/\/www.trendefelipeii.com\/es\/legal\/#primaryimage\"},\"datePublished\":\"2019-08-09T00:23:57+00:00\",\"dateModified\":\"2019-09-27T21:12:29+00:00\",\"breadcrumb\":{\"@id\":\"https:\/\/www.trendefelipeii.com\/es\/legal\/#breadcrumb\"},\"inLanguage\":\"es\",\"potentialAction\":[{\"@type\":\"ReadAction\",\"target\":[\"https:\/\/www.trendefelipeii.com\/es\/legal\/\"]}]},{\"@type\":\"BreadcrumbList\",\"@id\":\"https:\/\/www.trendefelipeii.com\/es\/legal\/#breadcrumb\",\"itemListElement\":[{\"@type\":\"ListItem\",\"position\":1,\"name\":\"Inicio\",\"item\":\"https:\/\/www.trendefelipeii.com\/es\/\"},{\"@type\":\"ListItem\",\"position\":2,\"name\":\"Aviso Legal\"}]}]}<\/script>\n<!-- \/ Yoast SEO plugin. -->","yoast_head_json":{"title":"Aviso Legal - Tren de Felipe II","robots":{"index":"index","follow":"follow","max-snippet":"max-snippet:-1","max-image-preview":"max-image-preview:large","max-video-preview":"max-video-preview:-1"},"canonical":"https:\/\/www.trendefelipeii.com\/es\/legal\/","og_locale":"es_ES","og_type":"article","og_title":"Aviso Legal - Tren de Felipe II","og_description":"En virtud de lo expuesto en el art\u00edculo 10 de la Ley 34\/2002, de 11 de julio, de Servicios de la Sociedad de la Informaci\u00f3n y de Comercio Electr\u00f3nico y conforme al principio de transparencia de nuestra compa\u00f1\u00eda se informa a los usuarios del presente sitio web de la siguiente informaci\u00f3n: Empresa titular de la [&hellip;]","og_url":"https:\/\/www.trendefelipeii.com\/es\/legal\/","og_site_name":"Tren de Felipe II","article_modified_time":"2019-09-27T21:12:29+00:00","og_image":[{"width":2160,"height":1215,"url":"https:\/\/www.trendefelipeii.com\/wp-content\/uploads\/2019\/08\/contacto_portada_image_1509542322061.jpg","type":"image\/jpeg"}],"twitter_card":"summary_large_image","twitter_misc":{"Tiempo de lectura":"7 minutos"},"schema":{"@context":"https:\/\/schema.org","@graph":[{"@type":"WebSite","@id":"https:\/\/www.trendefelipeii.com\/es\/#website","url":"https:\/\/www.trendefelipeii.com\/es\/","name":"Tren de Felipe II","description":"Un viaje apasionante a otra \u00e9poca","potentialAction":[{"@type":"SearchAction","target":{"@type":"EntryPoint","urlTemplate":"https:\/\/www.trendefelipeii.com\/es\/?s={search_term_string}"},"query-input":"required name=search_term_string"}],"inLanguage":"es"},{"@type":"ImageObject","@id":"https:\/\/www.trendefelipeii.com\/es\/legal\/#primaryimage","inLanguage":"es","url":"https:\/\/www.trendefelipeii.com\/wp-content\/uploads\/2019\/08\/contacto_portada_image_1509542322061.jpg","contentUrl":"https:\/\/www.trendefelipeii.com\/wp-content\/uploads\/2019\/08\/contacto_portada_image_1509542322061.jpg","width":2160,"height":1215},{"@type":"WebPage","@id":"https:\/\/www.trendefelipeii.com\/es\/legal\/#webpage","url":"https:\/\/www.trendefelipeii.com\/es\/legal\/","name":"Aviso Legal - Tren de Felipe II","isPartOf":{"@id":"https:\/\/www.trendefelipeii.com\/es\/#website"},"primaryImageOfPage":{"@id":"https:\/\/www.trendefelipeii.com\/es\/legal\/#primaryimage"},"datePublished":"2019-08-09T00:23:57+00:00","dateModified":"2019-09-27T21:12:29+00:00","breadcrumb":{"@id":"https:\/\/www.trendefelipeii.com\/es\/legal\/#breadcrumb"},"inLanguage":"es","potentialAction":[{"@type":"ReadAction","target":["https:\/\/www.trendefelipeii.com\/es\/legal\/"]}]},{"@type":"BreadcrumbList","@id":"https:\/\/www.trendefelipeii.com\/es\/legal\/#breadcrumb","itemListElement":[{"@type":"ListItem","position":1,"name":"Inicio","item":"https:\/\/www.trendefelipeii.com\/es\/"},{"@type":"ListItem","position":2,"name":"Aviso Legal"}]}]}},"_links":{"self":[{"href":"https:\/\/www.trendefelipeii.com\/es\/wp-json\/wp\/v2\/pages\/538"}],"collection":[{"href":"https:\/\/www.trendefelipeii.com\/es\/wp-json\/wp\/v2\/pages"}],"about":[{"href":"https:\/\/www.trendefelipeii.com\/es\/wp-json\/wp\/v2\/types\/page"}],"author":[{"embeddable":true,"href":"https:\/\/www.trendefelipeii.com\/es\/wp-json\/wp\/v2\/users\/1"}],"replies":[{"embeddable":true,"href":"https:\/\/www.trendefelipeii.com\/es\/wp-json\/wp\/v2\/comments?post=538"}],"version-history":[{"count":1,"href":"https:\/\/www.trendefelipeii.com\/es\/wp-json\/wp\/v2\/pages\/538\/revisions"}],"predecessor-version":[{"id":539,"href":"https:\/\/www.trendefelipeii.com\/es\/wp-json\/wp\/v2\/pages\/538\/revisions\/539"}],"wp:featuredmedia":[{"embeddable":true,"href":"https:\/\/www.trendefelipeii.com\/es\/wp-json\/wp\/v2\/media\/511"}],"wp:attachment":[{"href":"https:\/\/www.trendefelipeii.com\/es\/wp-json\/wp\/v2\/media?parent=538"}],"curies":[{"name":"wp","href":"https:\/\/api.w.org\/{rel}","templated":true}]}}