{"id":532,"date":"2019-08-09T02:12:25","date_gmt":"2019-08-09T00:12:25","guid":{"rendered":"https:\/\/www.trendefelipeii.com\/es\/?page_id=532"},"modified":"2019-10-01T12:34:03","modified_gmt":"2019-10-01T10:34:03","slug":"cookies","status":"publish","type":"page","link":"https:\/\/www.trendefelipeii.com\/es\/cookies\/","title":{"rendered":"Pol\u00edtica de Cookies"},"content":{"rendered":"\n<p>Las cookies son peque\u00f1as cantidades de informaci\u00f3n que se almacenan en el navegador utilizado por cada usuario para que el servidor recuerde cierta informaci\u00f3n que&nbsp; posteriormente pueda utilizar. Esta informaci\u00f3n permite identificarle a usted como un usuario concreto y permite guardar sus preferencias personales, as\u00ed como informaci\u00f3n t\u00e9cnica como puedan ser visitas o p\u00e1ginas concretas que visite. Aquellos usuarios que no deseen recibir cookies o quieran ser informados antes de que se almacenen en su ordenador, pueden configurar su navegador a tal efecto.<\/p>\n\n\n\n<p>Las cookies que utilizamos no almacenan dato personal alguno, ni ning\u00fan tipo de informaci\u00f3n que pueda identificarle. Las cookies sirven para mejorar los servicios que te ofrecemos. Algunas son estrictamente necesarias para que la p\u00e1gina funcione bien y otras sirven para mejorar el rendimiento y tu experiencia como usuario.<\/p>\n\n\n\n<p>A continuaci\u00f3n, se realiza una clasificaci\u00f3n de las cookies en funci\u00f3n de una serie de categor\u00edas.<\/p>\n\n\n\n<p><strong>Tipos de cookies seg\u00fan la entidad que las gestione:<\/strong><\/p>\n\n\n\n<p>Cookies propias: Son aqu\u00e9llas que se env\u00edan al equipo terminal del usuario desde un equipo o dominio gestionado por el propio editor y desde el que se presta el servicio solicitado por el usuario.<\/p>\n\n\n\n<p>Cookies de tercero: Son aqu\u00e9llas que se env\u00edan al equipo terminal del usuario desde un equipo o dominio que no es gestionado por el editor, sino por otra entidad que trata los datos obtenidos trav\u00e9s de las cookies.<\/p>\n\n\n\n<p><strong>Tipos de cookies seg\u00fan el plazo de tiempo que permanecen activadas:<\/strong><\/p>\n\n\n\n<p>Cookies de sesi\u00f3n: Son un tipo de cookies dise\u00f1adas para recabar y almacenar datos mientras el usuario accede a una p\u00e1gina web.<\/p>\n\n\n\n<p>Cookies persistentes: Son un tipo de cookies en el que los datos siguen almacenados en el terminal y pueden ser accedidos y tratados durante un periodo definido por el responsable de la cookie, y que puede ir de unos minutos a varios a\u00f1os.<\/p>\n\n\n\n<p><strong>Tipos de cookies seg\u00fan su finalidad:<\/strong><\/p>\n\n\n\n<p>Cookies t\u00e9cnicas: Son aqu\u00e9llas que permiten al usuario la navegaci\u00f3n a trav\u00e9s de una p\u00e1gina web, plataforma o aplicaci\u00f3n y la utilizaci\u00f3n de las diferentes opciones o servicios que en ella existan como, por ejemplo, controlar el tr\u00e1fico y la comunicaci\u00f3n de datos, identificar la sesi\u00f3n, acceder a partes de acceso restringido, recordar los elementos que integran un pedido, realizar el proceso de compra de un pedido, realizar la solicitud de inscripci\u00f3n o participaci\u00f3n en un evento, utilizar elementos de seguridad durante la navegaci\u00f3n, almacenar contenidos para la difusi\u00f3n de videos o sonido o compartir contenidos a trav\u00e9s de redes sociales.<\/p>\n\n\n\n<p>Cookies de personalizaci\u00f3n: Son aqu\u00e9llas que permiten al usuario acceder al servicio con algunas caracter\u00edsticas de car\u00e1cter general predefinidas en funci\u00f3n de una serie de criterios en el terminal del usuario como por ejemplo serian el idioma, el tipo de navegador a trav\u00e9s del cual accede al servicio, la configuraci\u00f3n regional desde donde accede al servicio, etc.<\/p>\n\n\n\n<p>Cookies de an\u00e1lisis: Son aqu\u00e9llas que permiten al responsable de las mismas, el seguimiento y an\u00e1lisis del comportamiento de los usuarios de los sitios web a los que est\u00e1n vinculadas. La informaci\u00f3n recogida mediante este tipo de cookies se utiliza en la medici\u00f3n de la actividad de los sitios web, aplicaci\u00f3n o plataforma y para la elaboraci\u00f3n de perfiles de navegaci\u00f3n de los usuarios de dichos sitios, aplicaciones y plataformas, con el fin de introducir mejoras en funci\u00f3n del an\u00e1lisis de los datos de uso que hacen los usuarios del servicio.<\/p>\n\n\n\n<p>Cookies publicitarias: Son aqu\u00e9llas que permiten la gesti\u00f3n, de la forma m\u00e1s eficaz posible, de los espacios publicitarios que, en su caso, el editor haya incluido en una p\u00e1gina web, aplicaci\u00f3n o plataforma desde la que presta el servicio solicitado en base a criterios como el contenido editado o la frecuencia en la que se muestran los anuncios.<\/p>\n\n\n\n<p>Cookies de publicidad comportamental: Son aqu\u00e9llas que permiten la gesti\u00f3n, de la forma m\u00e1s eficaz posible, de los espacios publicitarios que, en su caso, el editor haya incluido en una p\u00e1gina web, aplicaci\u00f3n o plataforma desde la que presta el servicio solicitado. Estas cookies almacenan informaci\u00f3n del comportamiento de los usuarios obtenida a trav\u00e9s de la observaci\u00f3n continuada de sus h\u00e1bitos de navegaci\u00f3n, lo que permite desarrollar un perfil espec\u00edfico para mostrar publicidad en funci\u00f3n del mismo.<\/p>\n\n\n\n<p>Encontrar\u00e1s m\u00e1s informaci\u00f3n sobre las cookies y c\u00f3mo gestionarlas en&nbsp;<a href=\"https:\/\/www.aboutcookies.org\/\" target=\"_blank\" rel=\"noreferrer noopener\">https:\/\/www.aboutcookies.org.<\/a>&nbsp;o en el men\u00fa \u00abAyuda\u00bb del navegador.<\/p>\n\n\n\n<p>En la p\u00e1gina web&nbsp;<a href=\"https:\/\/www.trendefelipeii.com\/\">www.trendefelipeii.com<\/a>&nbsp;se utilizan los siguientes&nbsp;<strong>tipos de cookies<\/strong>:<\/p>\n\n\n\n<p>Cookies anal\u00edticas: Estas cookies se utilizan para analizar el comportamiento de los usuarios de forma agregada y an\u00f3nima incluyendo el n\u00famero de visitantes a la web y a diferentes fichas de producto, la procedencia de las visita, d\u00eda y hora, plataforma, numero de clics en un banner, palabras de b\u00fasqueda que utiliza un usuario para encontrar su contenido deseado. De esta forma la empresa se sirve de un medio de gran utilidad para poder introducir mejoras en el sitio web y saber qu\u00e9 contenido o dise\u00f1o es m\u00e1s relevante para el usuario.<\/p>\n\n\n\n<p>Cookies funcionales: Son cookies que ayudan al usuario a tener una mejor experiencia de la navegaci\u00f3n por el sitio. Un ejemplo de uso de este tipo de cookies son las que se utilizan para almacenar los datos de navegaci\u00f3n de un determinado idioma.<\/p>\n\n\n\n<p>Cookies t\u00e9cnicas: Las cookies t\u00e9cnicas son necesarias para mostrar correctamente la p\u00e1gina web y garantizar el correcto funcionamiento del sitio.<\/p>\n\n\n\n<p>La tabla siguiente recoge de forma esquematizada las&nbsp;cookies&nbsp;utilizadas en la p\u00e1gina web de&nbsp;ALSA RAIL, S.L.U.&nbsp;<a href=\"https:\/\/www.trendefelipeii.com\/\">www.trendefelipeii.com<\/a>&nbsp;para que puedas identificarlas en tu navegador:<\/p>\n\n\n\n<p>Tipo 1 Cookies Funcionales: Propias generadas por la Web.<\/p>\n\n\n\n<p>Tipo 2 Cookies T\u00e9cnicas: Generados autom\u00e1ticamente por el servidor de Aplicaciones para gesti\u00f3n de session.<\/p>\n\n\n\n<p>Tipo 3 Cookies Anal\u00edticas: Generados por c\u00f3digos de medici\u00f3n tipo Google analytics.<\/p>\n\n\n\n<table class=\"wp-block-table\"><thead><tr><th>Nombre<\/th><th>Tipo<\/th><th>Descripci\u00f3n<\/th><th>Duraci\u00f3n<\/th><\/tr><\/thead><tbody><tr><td>Language<\/td><td>1<\/td><td>Almacena el lenguaje del usuario    <\/td><td>Anual<\/td><\/tr><tr><td>JSESSIONID<\/td><td>2<\/td><td>Uso interno del servidor de aplicaciones. Variable con el identificador de la session de usuario y el nodo al que ha sido asignada su sesi\u00f3n    <\/td><td>Session<\/td><\/tr><tr><td>analytics<\/td><td>3<\/td><td>Generada por google analytics   <\/td><td>Session<\/td><\/tr><tr><td>__gads<\/td><td>3<\/td><td>Generada por google analytics   <\/td><td>Session<\/td><\/tr><tr><td>__ga<\/td><td>3<\/td><td>Generada por google analytics   <\/td><td>Session<\/td><\/tr><tr><td>__gid<\/td><td>3<\/td><td>Generada por google analytics   <\/td><td>Session<\/td><\/tr><\/tbody><\/table>\n\n\n\n<p><strong>Para permitir, conocer, bloquear o eliminar las cookies instaladas en su equipo puede hacerlo mediante la configuraci\u00f3n de las opciones del navegador instalado en su ordenador.<\/strong><\/p>\n\n\n\n<p>Chrome desde aqu\u00ed:&nbsp;<a href=\"https:\/\/support.google.com\/chrome\/bin\/answer.py?hl=es&amp;answer=95647\" target=\"_blank\" rel=\"noreferrer noopener\">https:\/\/support.google.com\/chrome\/bin\/answer.py?hl=es&amp;answer=95647<\/a><\/p>\n\n\n\n<p>Firefox desde aqu\u00ed:&nbsp;<a href=\"https:\/\/support.mozilla.org\/es\/kb\/habilitar-y-deshabilitar-cookies-que-los-sitios-we\" target=\"_blank\" rel=\"noreferrer noopener\">https:\/\/support.mozilla.org\/es\/kb\/habilitar-y-deshabilitar-cookies-que-los-sitios-we<\/a><\/p>\n\n\n\n<p>Explorer desde aqu\u00ed:<a href=\"https:\/\/windows.microsoft.com\/es-es\/windows7\/how-to-manage-cookies-in-internet-explorer-9\" target=\"_blank\" rel=\"noreferrer noopener\">https:\/\/windows.microsoft.com\/es-es\/windows7\/how-to-manage-cookies-in-internet-explorer-9<\/a><\/p>\n\n\n\n<p>Safari desde aqu\u00ed:<a href=\"https:\/\/support.apple.com\/kb\/ph5042\" target=\"_blank\" rel=\"noreferrer noopener\">https:\/\/support.apple.com\/kb\/ph5042<\/a><\/p>\n\n\n\n<p>Opera desde aqu\u00ed:&nbsp;<a href=\"https:\/\/help.opera.com\/Windows\/11.50\/es-ES\/cookies.html\" target=\"_blank\" rel=\"noreferrer noopener\">https:\/\/help.opera.com\/Windows\/11.50\/es-ES\/cookies.html<\/a><\/p>\n","protected":false},"excerpt":{"rendered":"<p>Las cookies son peque\u00f1as cantidades de informaci\u00f3n que se almacenan en el navegador utilizado por cada usuario para que el servidor recuerde cierta informaci\u00f3n que&nbsp; posteriormente pueda utilizar. Esta informaci\u00f3n permite identificarle a usted como un usuario concreto y permite guardar sus preferencias personales, as\u00ed como informaci\u00f3n t\u00e9cnica como puedan ser visitas o p\u00e1ginas concretas [&hellip;]<\/p>\n","protected":false},"author":1,"featured_media":511,"parent":0,"menu_order":0,"comment_status":"closed","ping_status":"closed","template":"template-train-felipe-text-page.php","meta":[],"featured_image_urls":{"full":["https:\/\/www.trendefelipeii.com\/wp-content\/uploads\/2019\/08\/contacto_portada_image_1509542322061.jpg",2160,1215,false],"thumbnail":["https:\/\/www.trendefelipeii.com\/wp-content\/uploads\/2019\/08\/contacto_portada_image_1509542322061.jpg",150,84,false],"medium":["https:\/\/www.trendefelipeii.com\/wp-content\/uploads\/2019\/08\/contacto_portada_image_1509542322061.jpg",300,169,false],"medium_large":["https:\/\/www.trendefelipeii.com\/wp-content\/uploads\/2019\/08\/contacto_portada_image_1509542322061.jpg",768,432,false],"large":["https:\/\/www.trendefelipeii.com\/wp-content\/uploads\/2019\/08\/contacto_portada_image_1509542322061.jpg",980,551,false],"1536x1536":["https:\/\/www.trendefelipeii.com\/wp-content\/uploads\/2019\/08\/contacto_portada_image_1509542322061.jpg",1536,864,false],"2048x2048":["https:\/\/www.trendefelipeii.com\/wp-content\/uploads\/2019\/08\/contacto_portada_image_1509542322061.jpg",2048,1152,false]},"post_excerpt_stackable":"<p>Las cookies son peque\u00f1as cantidades de informaci\u00f3n que se almacenan en el navegador utilizado por cada usuario para que el servidor recuerde cierta informaci\u00f3n que&nbsp; posteriormente pueda utilizar. Esta informaci\u00f3n permite identificarle a usted como un usuario concreto y permite guardar sus preferencias personales, as\u00ed como informaci\u00f3n t\u00e9cnica como puedan ser visitas o p\u00e1ginas concretas que visite. Aquellos usuarios que no deseen recibir cookies o quieran ser informados antes de que se almacenen en su ordenador, pueden configurar su navegador a tal efecto. Las cookies que utilizamos no almacenan dato personal alguno, ni ning\u00fan tipo de informaci\u00f3n que pueda identificarle.&hellip;<\/p>\n","category_list":"","author_info":{"name":"trenfelipeii","url":"https:\/\/www.trendefelipeii.com\/es\/author\/trenfelipeii\/"},"comments_num":"0 comentarios","featured_image_urls_v2":{"full":["https:\/\/www.trendefelipeii.com\/wp-content\/uploads\/2019\/08\/contacto_portada_image_1509542322061.jpg",2160,1215,false],"thumbnail":["https:\/\/www.trendefelipeii.com\/wp-content\/uploads\/2019\/08\/contacto_portada_image_1509542322061.jpg",150,84,false],"medium":["https:\/\/www.trendefelipeii.com\/wp-content\/uploads\/2019\/08\/contacto_portada_image_1509542322061.jpg",300,169,false],"medium_large":["https:\/\/www.trendefelipeii.com\/wp-content\/uploads\/2019\/08\/contacto_portada_image_1509542322061.jpg",768,432,false],"large":["https:\/\/www.trendefelipeii.com\/wp-content\/uploads\/2019\/08\/contacto_portada_image_1509542322061.jpg",980,551,false],"1536x1536":["https:\/\/www.trendefelipeii.com\/wp-content\/uploads\/2019\/08\/contacto_portada_image_1509542322061.jpg",1536,864,false],"2048x2048":["https:\/\/www.trendefelipeii.com\/wp-content\/uploads\/2019\/08\/contacto_portada_image_1509542322061.jpg",2048,1152,false]},"post_excerpt_stackable_v2":"<p>Las cookies son peque\u00f1as cantidades de informaci\u00f3n que se almacenan en el navegador utilizado por cada usuario para que el servidor recuerde cierta informaci\u00f3n que&nbsp; posteriormente pueda utilizar. Esta informaci\u00f3n permite identificarle a usted como un usuario concreto y permite guardar sus preferencias personales, as\u00ed como informaci\u00f3n t\u00e9cnica como puedan ser visitas o p\u00e1ginas concretas que visite. Aquellos usuarios que no deseen recibir cookies o quieran ser informados antes de que se almacenen en su ordenador, pueden configurar su navegador a tal efecto. Las cookies que utilizamos no almacenan dato personal alguno, ni ning\u00fan tipo de informaci\u00f3n que pueda identificarle.&hellip;<\/p>\n","category_list_v2":"","author_info_v2":{"name":"trenfelipeii","url":"https:\/\/www.trendefelipeii.com\/es\/author\/trenfelipeii\/"},"comments_num_v2":"0 comentarios","yoast_head":"<!-- This site is optimized with the Yoast SEO plugin v18.0 - https:\/\/yoast.com\/wordpress\/plugins\/seo\/ -->\n<title>Pol\u00edtica de Cookies - Tren de Felipe II<\/title>\n<meta name=\"robots\" content=\"index, follow, max-snippet:-1, max-image-preview:large, max-video-preview:-1\" \/>\n<link rel=\"canonical\" href=\"https:\/\/www.trendefelipeii.com\/es\/cookies\/\" \/>\n<meta property=\"og:locale\" content=\"es_ES\" \/>\n<meta property=\"og:type\" content=\"article\" \/>\n<meta property=\"og:title\" content=\"Pol\u00edtica de Cookies - Tren de Felipe II\" \/>\n<meta property=\"og:description\" content=\"Las cookies son peque\u00f1as cantidades de informaci\u00f3n que se almacenan en el navegador utilizado por cada usuario para que el servidor recuerde cierta informaci\u00f3n que&nbsp; posteriormente pueda utilizar. Esta informaci\u00f3n permite identificarle a usted como un usuario concreto y permite guardar sus preferencias personales, as\u00ed como informaci\u00f3n t\u00e9cnica como puedan ser visitas o p\u00e1ginas concretas [&hellip;]\" \/>\n<meta property=\"og:url\" content=\"https:\/\/www.trendefelipeii.com\/es\/cookies\/\" \/>\n<meta property=\"og:site_name\" content=\"Tren de Felipe II\" \/>\n<meta property=\"article:modified_time\" content=\"2019-10-01T10:34:03+00:00\" \/>\n<meta property=\"og:image\" content=\"https:\/\/www.trendefelipeii.com\/wp-content\/uploads\/2019\/08\/contacto_portada_image_1509542322061.jpg\" \/>\n\t<meta property=\"og:image:width\" content=\"2160\" \/>\n\t<meta property=\"og:image:height\" content=\"1215\" \/>\n\t<meta property=\"og:image:type\" content=\"image\/jpeg\" \/>\n<meta name=\"twitter:card\" content=\"summary_large_image\" \/>\n<meta name=\"twitter:label1\" content=\"Tiempo de lectura\" \/>\n\t<meta name=\"twitter:data1\" content=\"6 minutos\" \/>\n<script type=\"application\/ld+json\" class=\"yoast-schema-graph\">{\"@context\":\"https:\/\/schema.org\",\"@graph\":[{\"@type\":\"WebSite\",\"@id\":\"https:\/\/www.trendefelipeii.com\/es\/#website\",\"url\":\"https:\/\/www.trendefelipeii.com\/es\/\",\"name\":\"Tren de Felipe II\",\"description\":\"Un viaje apasionante a otra \u00e9poca\",\"potentialAction\":[{\"@type\":\"SearchAction\",\"target\":{\"@type\":\"EntryPoint\",\"urlTemplate\":\"https:\/\/www.trendefelipeii.com\/es\/?s={search_term_string}\"},\"query-input\":\"required name=search_term_string\"}],\"inLanguage\":\"es\"},{\"@type\":\"ImageObject\",\"@id\":\"https:\/\/www.trendefelipeii.com\/es\/cookies\/#primaryimage\",\"inLanguage\":\"es\",\"url\":\"https:\/\/www.trendefelipeii.com\/wp-content\/uploads\/2019\/08\/contacto_portada_image_1509542322061.jpg\",\"contentUrl\":\"https:\/\/www.trendefelipeii.com\/wp-content\/uploads\/2019\/08\/contacto_portada_image_1509542322061.jpg\",\"width\":2160,\"height\":1215},{\"@type\":\"WebPage\",\"@id\":\"https:\/\/www.trendefelipeii.com\/es\/cookies\/#webpage\",\"url\":\"https:\/\/www.trendefelipeii.com\/es\/cookies\/\",\"name\":\"Pol\u00edtica de Cookies - Tren de Felipe II\",\"isPartOf\":{\"@id\":\"https:\/\/www.trendefelipeii.com\/es\/#website\"},\"primaryImageOfPage\":{\"@id\":\"https:\/\/www.trendefelipeii.com\/es\/cookies\/#primaryimage\"},\"datePublished\":\"2019-08-09T00:12:25+00:00\",\"dateModified\":\"2019-10-01T10:34:03+00:00\",\"breadcrumb\":{\"@id\":\"https:\/\/www.trendefelipeii.com\/es\/cookies\/#breadcrumb\"},\"inLanguage\":\"es\",\"potentialAction\":[{\"@type\":\"ReadAction\",\"target\":[\"https:\/\/www.trendefelipeii.com\/es\/cookies\/\"]}]},{\"@type\":\"BreadcrumbList\",\"@id\":\"https:\/\/www.trendefelipeii.com\/es\/cookies\/#breadcrumb\",\"itemListElement\":[{\"@type\":\"ListItem\",\"position\":1,\"name\":\"Inicio\",\"item\":\"https:\/\/www.trendefelipeii.com\/es\/\"},{\"@type\":\"ListItem\",\"position\":2,\"name\":\"Pol\u00edtica de Cookies\"}]}]}<\/script>\n<!-- \/ Yoast SEO plugin. -->","yoast_head_json":{"title":"Pol\u00edtica de Cookies - Tren de Felipe II","robots":{"index":"index","follow":"follow","max-snippet":"max-snippet:-1","max-image-preview":"max-image-preview:large","max-video-preview":"max-video-preview:-1"},"canonical":"https:\/\/www.trendefelipeii.com\/es\/cookies\/","og_locale":"es_ES","og_type":"article","og_title":"Pol\u00edtica de Cookies - Tren de Felipe II","og_description":"Las cookies son peque\u00f1as cantidades de informaci\u00f3n que se almacenan en el navegador utilizado por cada usuario para que el servidor recuerde cierta informaci\u00f3n que&nbsp; posteriormente pueda utilizar. Esta informaci\u00f3n permite identificarle a usted como un usuario concreto y permite guardar sus preferencias personales, as\u00ed como informaci\u00f3n t\u00e9cnica como puedan ser visitas o p\u00e1ginas concretas [&hellip;]","og_url":"https:\/\/www.trendefelipeii.com\/es\/cookies\/","og_site_name":"Tren de Felipe II","article_modified_time":"2019-10-01T10:34:03+00:00","og_image":[{"width":2160,"height":1215,"url":"https:\/\/www.trendefelipeii.com\/wp-content\/uploads\/2019\/08\/contacto_portada_image_1509542322061.jpg","type":"image\/jpeg"}],"twitter_card":"summary_large_image","twitter_misc":{"Tiempo de lectura":"6 minutos"},"schema":{"@context":"https:\/\/schema.org","@graph":[{"@type":"WebSite","@id":"https:\/\/www.trendefelipeii.com\/es\/#website","url":"https:\/\/www.trendefelipeii.com\/es\/","name":"Tren de Felipe II","description":"Un viaje apasionante a otra \u00e9poca","potentialAction":[{"@type":"SearchAction","target":{"@type":"EntryPoint","urlTemplate":"https:\/\/www.trendefelipeii.com\/es\/?s={search_term_string}"},"query-input":"required name=search_term_string"}],"inLanguage":"es"},{"@type":"ImageObject","@id":"https:\/\/www.trendefelipeii.com\/es\/cookies\/#primaryimage","inLanguage":"es","url":"https:\/\/www.trendefelipeii.com\/wp-content\/uploads\/2019\/08\/contacto_portada_image_1509542322061.jpg","contentUrl":"https:\/\/www.trendefelipeii.com\/wp-content\/uploads\/2019\/08\/contacto_portada_image_1509542322061.jpg","width":2160,"height":1215},{"@type":"WebPage","@id":"https:\/\/www.trendefelipeii.com\/es\/cookies\/#webpage","url":"https:\/\/www.trendefelipeii.com\/es\/cookies\/","name":"Pol\u00edtica de Cookies - Tren de Felipe II","isPartOf":{"@id":"https:\/\/www.trendefelipeii.com\/es\/#website"},"primaryImageOfPage":{"@id":"https:\/\/www.trendefelipeii.com\/es\/cookies\/#primaryimage"},"datePublished":"2019-08-09T00:12:25+00:00","dateModified":"2019-10-01T10:34:03+00:00","breadcrumb":{"@id":"https:\/\/www.trendefelipeii.com\/es\/cookies\/#breadcrumb"},"inLanguage":"es","potentialAction":[{"@type":"ReadAction","target":["https:\/\/www.trendefelipeii.com\/es\/cookies\/"]}]},{"@type":"BreadcrumbList","@id":"https:\/\/www.trendefelipeii.com\/es\/cookies\/#breadcrumb","itemListElement":[{"@type":"ListItem","position":1,"name":"Inicio","item":"https:\/\/www.trendefelipeii.com\/es\/"},{"@type":"ListItem","position":2,"name":"Pol\u00edtica de Cookies"}]}]}},"_links":{"self":[{"href":"https:\/\/www.trendefelipeii.com\/es\/wp-json\/wp\/v2\/pages\/532"}],"collection":[{"href":"https:\/\/www.trendefelipeii.com\/es\/wp-json\/wp\/v2\/pages"}],"about":[{"href":"https:\/\/www.trendefelipeii.com\/es\/wp-json\/wp\/v2\/types\/page"}],"author":[{"embeddable":true,"href":"https:\/\/www.trendefelipeii.com\/es\/wp-json\/wp\/v2\/users\/1"}],"replies":[{"embeddable":true,"href":"https:\/\/www.trendefelipeii.com\/es\/wp-json\/wp\/v2\/comments?post=532"}],"version-history":[{"count":9,"href":"https:\/\/www.trendefelipeii.com\/es\/wp-json\/wp\/v2\/pages\/532\/revisions"}],"predecessor-version":[{"id":703,"href":"https:\/\/www.trendefelipeii.com\/es\/wp-json\/wp\/v2\/pages\/532\/revisions\/703"}],"wp:featuredmedia":[{"embeddable":true,"href":"https:\/\/www.trendefelipeii.com\/es\/wp-json\/wp\/v2\/media\/511"}],"wp:attachment":[{"href":"https:\/\/www.trendefelipeii.com\/es\/wp-json\/wp\/v2\/media?parent=532"}],"curies":[{"name":"wp","href":"https:\/\/api.w.org\/{rel}","templated":true}]}}