{"id":527,"date":"2019-08-09T02:03:34","date_gmt":"2019-08-09T00:03:34","guid":{"rendered":"https:\/\/www.trendefelipeii.com\/es\/?page_id=527"},"modified":"2019-09-27T23:12:35","modified_gmt":"2019-09-27T21:12:35","slug":"privacidad","status":"publish","type":"page","link":"https:\/\/www.trendefelipeii.com\/es\/privacidad\/","title":{"rendered":"Pol\u00edtica de Privacidad"},"content":{"rendered":"\n<p><strong>1. Responsable del Tratamiento.<\/strong><\/p>\n\n\n\n<p>Los datos personales recogidos ser\u00e1n objeto de tratamiento por las siguientes entidades, Responsables del Tratamiento de los datos personales recogidos a trav\u00e9s de la presente p\u00e1gina web.<\/p>\n\n\n\n<p>ALSA RAIL, S.L.U., empresa titular de la p\u00e1gina web <a href=\"https:\/\/www.trendefelipeii.com\/\">www.trendefelipeii.com<\/a>.<br>\nCalle Miguel Fleta, 4, 28037, Madrid<br>\nCIF B-83769729<br>\nInscrita en el RM de Madrid, al Tomo 25806, Folio 201, Secci\u00f3n 8. Hoja M-16079.<br>\nDirecci\u00f3n de correo electr\u00f3nico: asesoria@alsa.es.<\/p>\n\n\n\n<p>VIAJES ALSA, S.A.U., empresa que comercializa los servicios ofrecidos en www.trendefelipesii.com., agencia de viajes on-line, con domicilio social en Calle Miguel Fleta, 4, 28037, Madrid, CIF A-28689891, inscrita en el Registro Mercantil de Madrid, al Tomo 25806, Folio 201, Secci\u00f3n 8. Hoja M-16079, Licencia CIC-MA: 3548.<\/p>\n\n\n\n<p>ALSA FERROCARRIL, S.A.U., empresa que opera los servicios de transporte en el tren tur\u00edstico ofrecido en&nbsp;<a href=\"https:\/\/www.trendefelipeii.com\/\">www.trendefelipeii.com<\/a>, con domicilio social en Calle Miguel Fleta, 4, 28031, Madrid, CIF A-83093930, inscrita en el RM de Madrid, al Tomo 17.299, Folio 203, Secci\u00f3n 8\u00aa, Hoja M-296645 con licencia para la explotaci\u00f3n de servicios de transporte ferroviario N\u00ba12\/0VM\/2\/02\/04.<\/p>\n\n\n\n<p>ALSA GRUPO, S.L.U., titular del sitio web <a href=\"https:\/\/www.alsa.es\">www.alsa.es<\/a> donde se efect\u00faa la compra de los servicios ofrecidos en <a href=\"https:\/\/www.trendefelipeii.com\">www.trendefelipeii.com<\/a>, con CIF B-82059478, domicilio social Calle Miguel Fleta, 4, 28037, Madrid.<\/p>\n\n\n\n<p><strong>2. Finalidades del tratamiento de los datos personales.<\/strong><\/p>\n\n\n\n<p>En general, la recogida y tratamiento de sus datos personales tiene como finalidades las que a continuaci\u00f3n se relacionan:<\/p>\n\n\n\n<p>Poder contactar con el usuario;<\/p>\n\n\n\n<p>Gestionar satisfactoriamente la compra de los billetes\/paquetes tur\u00edsticos on-line efectuada;<\/p>\n\n\n\n<p>Gestionar satisfactoriamente la compra de los billetes\/paquetes tur\u00edsticos seleccionados;<\/p>\n\n\n\n<p>Atender y gestionar adecuadamente las reservas, consultas, comentarios, incidencias o sugerencias remitidas;<\/p>\n\n\n\n<p>Gestionar las tareas b\u00e1sicas de administraci\u00f3n;<\/p>\n\n\n\n<p>Mantenerle informado bien por correo electr\u00f3nico, bien por cualquier otro medio, de novedades, productos y servicios (en su caso, gestionar su adecuada prestaci\u00f3n) relacionados con ALSA que pudieran resultar de su inter\u00e9s;<\/p>\n\n\n\n<p>Prestar servicios a\u00f1adidos, mejoras en nuestros servicios y en la experiencia del cliente al hacer uso de la Web.<\/p>\n\n\n\n<p>An\u00e1lisis estad\u00edsticos de visitas a la Web y comportamientos de sus Usuarios en la misma.<\/p>\n\n\n\n<p>Gestionar adecuadamente la navegaci\u00f3n a trav\u00e9s del presente sitio web.<\/p>\n\n\n\n<p>Respecto del tratamiento de sus datos con fines promocionales o publicitarios, se facilitar\u00e1 al afectado, junto con el formulario de recogida de datos correspondiente, el oportuno procedimiento, sencillo y gratuito, para que pueda prestar su consentimiento al tratamiento de sus datos personales con dicha finalidad.<\/p>\n\n\n\n<p><strong>3. Legitimaci\u00f3n.<\/strong><\/p>\n\n\n\n<p>Las bases jur\u00eddicas que legitiman los tratamientos indicados son la ejecuci\u00f3n del contrato de servicios contratado, el consentimiento del usuario y el inter\u00e9s leg\u00edtimo de la empresa.<\/p>\n\n\n\n<p><strong>4. Destinatarios de los datos personales.<\/strong><\/p>\n\n\n\n<p>Los destinatarios de la informaci\u00f3n facilitada ser\u00e1n ALSA RAIL, S.L.U., ALSA VIAJES, S.A.U., ALSA FERROCARRIL, S.A.U, as\u00ed como otras empresas vinculadas de la Organizaci\u00f3n ALSA para fines administrativos internos. No se ceder\u00e1n datos a terceros, salvo obligaci\u00f3n legal. La empresa se compromete en la utilizaci\u00f3n de los datos facilitados, a respetar su confidencialidad y a utilizarlos de acuerdo a las finalidades se\u00f1aladas.<\/p>\n\n\n\n<p><strong>5. Derechos de los interesados.<\/strong><\/p>\n\n\n\n<p>El interesado podr\u00e1 ejercer los derechos de acceso, rectificaci\u00f3n, supresi\u00f3n, oposici\u00f3n, portabilidad y limitaci\u00f3n mediante solicitud a nuestra direcci\u00f3n de correo electr\u00f3nico establecida a tal efecto: asesoria@alsa.es, o a la direcci\u00f3n postal: ALSA, Dpto. Asesor\u00eda Jur\u00eddica, Calle Miguel Fleta, 4, 28037, Madrid, adjuntando en todo caso, fotocopia del D.N.I o documento equivalente v\u00e1lido en derecho que permita acreditar su identidad, y especificando el derecho que desea ejercer.<\/p>\n\n\n\n<p>Cualquier interesado, podr\u00e1 en cualquier momento posterior, en los t\u00e9rminos establecidos en la normativa sobre protecci\u00f3n de datos en cada momento vigente, revocar la autorizaci\u00f3n concedida para el tratamiento de los datos personales.<\/p>\n\n\n\n<p>El interesado tendr\u00e1 derecho a formular una queja o reclamaci\u00f3n ante la Agencia Espa\u00f1ola de Protecci\u00f3n de Datos (<a href=\"https:\/\/www.agpd.es\/\">www.agpd.es<\/a>) y ante el Delegado de Protecci\u00f3n de Datos de ALSA (dpo@alsa.es).<\/p>\n\n\n\n<p>El usuario responder\u00e1, en cualquier caso, de la veracidad de los datos facilitados, reserv\u00e1ndose la empresa el derecho a excluir de los servicios a todo usuario que haya facilitado datos falsos, sin perjuicio de las dem\u00e1s acciones que procedan en Derecho. El usuario se hace responsable de comunicar cualquier modificaci\u00f3n de los datos personales facilitados.<\/p>\n\n\n\n<p><strong>6. Plazo de conservaci\u00f3n de los datos.<\/strong><\/p>\n\n\n\n<p>S\u00f3lo almacenamos los datos personales de los usuarios en la medida en que la necesitamos a fin de poder utilizarla seg\u00fan la finalidad para la que fue recabada, y seg\u00fan la base jur\u00eddica del tratamiento de la misma. Mantendremos los datos personales mientras exista una relaci\u00f3n contractual y\/o comercial con el usuario y mientras \u00e9ste no ejerza el derecho de supresi\u00f3n, cancelaci\u00f3n y\/o limitaci\u00f3n del tratamiento de los datos personales.<\/p>\n\n\n\n<p>En estos casos mantendremos los datos debidamente bloqueados, sin darle ning\u00fan uso, mientras puedan ser necesarios para el ejercicio o defensa de reclamaciones o pueda derivarse alg\u00fan tipo de responsabilidad judicial, legal o contractual de su tratamiento, que deba ser atendida y para lo cual sea necesaria su recuperaci\u00f3n.<\/p>\n\n\n\n<p>La empresa cumplir\u00e1 lo dispuesto en la normativa vigente en cuanto al deber de cancelaci\u00f3n de la informaci\u00f3n personal que haya dejado de ser necesaria para el fin o los fines para los cuales fue recabada, bloqueando la misma, con el fin de poder atender a las posibles responsabilidades derivadas del tratamiento de los datos, y s\u00f3lo durante los plazos de prescripci\u00f3n de dichas responsabilidades. Una vez transcurran dichos plazos, se eliminar\u00e1 definitivamente esa informaci\u00f3n mediante m\u00e9todos seguros.<\/p>\n\n\n\n<p><strong>7. Informaci\u00f3n que recabamos de las visitas a la web.<\/strong><\/p>\n\n\n\n<p>Recabamos y almacenamos informaci\u00f3n personal limitada y estad\u00edsticas globales an\u00f3nimas de todos aquellos usuarios que visitan nuestra web, ya sea porque nos la facilite el usuario de forma activa o porque se encuentre simplemente navegando en nuestra p\u00e1gina web. La informaci\u00f3n que recabamos incluye la direcci\u00f3n del protocolo de Internet (IP) del dispositivo que usa el usuario, el programa de navegaci\u00f3n utilizado, su sistema operativo, la fecha y hora del acceso, la direcci\u00f3n de Internet de la web por la que accede el usuario y tambi\u00e9n informaci\u00f3n sobre c\u00f3mo utilizas nuestra web.<\/p>\n\n\n\n<p>Esta informaci\u00f3n la utilizamos para saber el tiempo de carga de nuestra web, c\u00f3mo se utiliza, el n\u00famero de visitas y el tipo de informaci\u00f3n que m\u00e1s consulta el usuario. Esta informaci\u00f3n ayuda a identificar si la p\u00e1gina web funciona correctamente, y si detectamos fallos o errores en el funcionamiento, solucionarlos y mejorar el rendimiento de nuestra web, para poder ofrecer un mejor servicio a todos los usuarios.<\/p>\n\n\n\n<p>En consideraci\u00f3n a lo anterior, recabamos datos de uso y navegaci\u00f3n a efectos estad\u00edsticos y publicitarios, de control del uso de nuestra p\u00e1gina y de mejorar el conocimiento sobre los intereses del Usuario.<\/p>\n\n\n\n<p><strong>8. Menores de Edad.<\/strong><\/p>\n\n\n\n<p>Los menores de 16 a\u00f1os no deber\u00e1n enviar ninguna informaci\u00f3n personal sin el consentimiento de su padre o tutor. La empresa no es responsable de ninguna informaci\u00f3n personal enviada por los menores de 16 a\u00f1os sin la autorizaci\u00f3n oportuna.<\/p>\n\n\n\n<p><strong>9. Medidas de seguridad.<\/strong><\/p>\n\n\n\n<p>La empresa ha adoptado los niveles de seguridad de protecci\u00f3n de datos personales requeridos por la normativa vigente, en funci\u00f3n del tipo de informaci\u00f3n tratada y ha implantado otros medios y medidas t\u00e9cnicas adicionales a su alcance para evitar su alteraci\u00f3n, p\u00e9rdida, tratamiento o acceso no autorizado de los datos personales facilitados. La empresa, garantiza que ha adoptado las medidas oportunas de seguridad para garantizar la seguridad de la informaci\u00f3n y la confidencialidad de los datos que usted nos env\u00eda por Internet. Para ello, se utiliza la tecnolog\u00eda de seguridad Secure Socket Layer (SSL), sistema que permite el cifrado de la informaci\u00f3n que nos env\u00ede, evitando su lectura incluso si es interceptada inadecuadamente. El servidor est\u00e1 certificado, de modo que su navegador puede confirmar la identidad de la empresa antes de que ninguna transmisi\u00f3n sea enviada. Este certificado garantiza la identidad del ordenador de destino al cual se est\u00e1n enviando sus datos. Puede reconocer que la seguridad SSL est\u00e1 operativa mediante la aparici\u00f3n del icono de un candado en el borde inferior de la mayor\u00eda de los navegadores. Si pulsa sobre este icono aparecer\u00e1 el certificado asociado con la conexi\u00f3n de seguridad. No obstante lo anterior, el usuario debe ser consciente de que las medidas de seguridad en internet no son inexpugnables.<\/p>\n\n\n\n<p><strong>10. Cookies.<\/strong><\/p>\n\n\n\n<p>El acceso a esta web puede implicar la utilizaci\u00f3n de cookies. Las cookies son peque\u00f1as cantidades de informaci\u00f3n que se almacenan en el navegador utilizado por cada usuario para que el servidor recuerde cierta informaci\u00f3n que posteriormente pueda utilizar. Esta informaci\u00f3n permite identificarle a usted como un usuario concreto y permite guardar sus preferencias personales, as\u00ed como informaci\u00f3n t\u00e9cnica como puedan ser visitas o p\u00e1ginas concretas que visite.<\/p>\n\n\n\n<p>Aquellos usuarios que no deseen recibir cookies o quieran ser informados antes de que se almacenen en su ordenador, pueden configurar su navegador a tal efecto. Para m\u00e1s informaci\u00f3n consulte nuestra \u201c<a href=\"https:\/\/www.alsa.es\/politica-de-cookies\">Pol\u00edtica de Cookies<\/a>\u201d.<\/p>\n","protected":false},"excerpt":{"rendered":"<p>1. Responsable del Tratamiento. Los datos personales recogidos ser\u00e1n objeto de tratamiento por las siguientes entidades, Responsables del Tratamiento de los datos personales recogidos a trav\u00e9s de la presente p\u00e1gina web. ALSA RAIL, S.L.U., empresa titular de la p\u00e1gina web www.trendefelipeii.com. Calle Miguel Fleta, 4, 28037, Madrid CIF B-83769729 Inscrita en el RM de Madrid, [&hellip;]<\/p>\n","protected":false},"author":1,"featured_media":388,"parent":0,"menu_order":0,"comment_status":"closed","ping_status":"closed","template":"template-train-felipe-text-page.php","meta":[],"featured_image_urls":{"full":["https:\/\/www.trendefelipeii.com\/wp-content\/uploads\/2019\/08\/1508681041909.jpg",2160,1215,false],"thumbnail":["https:\/\/www.trendefelipeii.com\/wp-content\/uploads\/2019\/08\/1508681041909.jpg",150,84,false],"medium":["https:\/\/www.trendefelipeii.com\/wp-content\/uploads\/2019\/08\/1508681041909.jpg",300,169,false],"medium_large":["https:\/\/www.trendefelipeii.com\/wp-content\/uploads\/2019\/08\/1508681041909.jpg",768,432,false],"large":["https:\/\/www.trendefelipeii.com\/wp-content\/uploads\/2019\/08\/1508681041909.jpg",980,551,false],"1536x1536":["https:\/\/www.trendefelipeii.com\/wp-content\/uploads\/2019\/08\/1508681041909.jpg",1536,864,false],"2048x2048":["https:\/\/www.trendefelipeii.com\/wp-content\/uploads\/2019\/08\/1508681041909.jpg",2048,1152,false]},"post_excerpt_stackable":"<p>1. Responsable del Tratamiento. Los datos personales recogidos ser\u00e1n objeto de tratamiento por las siguientes entidades, Responsables del Tratamiento de los datos personales recogidos a trav\u00e9s de la presente p\u00e1gina web. ALSA RAIL, S.L.U., empresa titular de la p\u00e1gina web www.trendefelipeii.com. Calle Miguel Fleta, 4, 28037, Madrid CIF B-83769729 Inscrita en el RM de Madrid, al Tomo 25806, Folio 201, Secci\u00f3n 8. Hoja M-16079. Direcci\u00f3n de correo electr\u00f3nico: asesoria@alsa.es. VIAJES ALSA, S.A.U., empresa que comercializa los servicios ofrecidos en www.trendefelipesii.com., agencia de viajes on-line, con domicilio social en Calle Miguel Fleta, 4, 28037, Madrid, CIF A-28689891, inscrita en el Registro&hellip;<\/p>\n","category_list":"","author_info":{"name":"trenfelipeii","url":"https:\/\/www.trendefelipeii.com\/es\/author\/trenfelipeii\/"},"comments_num":"0 comentarios","featured_image_urls_v2":{"full":["https:\/\/www.trendefelipeii.com\/wp-content\/uploads\/2019\/08\/1508681041909.jpg",2160,1215,false],"thumbnail":["https:\/\/www.trendefelipeii.com\/wp-content\/uploads\/2019\/08\/1508681041909.jpg",150,84,false],"medium":["https:\/\/www.trendefelipeii.com\/wp-content\/uploads\/2019\/08\/1508681041909.jpg",300,169,false],"medium_large":["https:\/\/www.trendefelipeii.com\/wp-content\/uploads\/2019\/08\/1508681041909.jpg",768,432,false],"large":["https:\/\/www.trendefelipeii.com\/wp-content\/uploads\/2019\/08\/1508681041909.jpg",980,551,false],"1536x1536":["https:\/\/www.trendefelipeii.com\/wp-content\/uploads\/2019\/08\/1508681041909.jpg",1536,864,false],"2048x2048":["https:\/\/www.trendefelipeii.com\/wp-content\/uploads\/2019\/08\/1508681041909.jpg",2048,1152,false]},"post_excerpt_stackable_v2":"<p>1. Responsable del Tratamiento. Los datos personales recogidos ser\u00e1n objeto de tratamiento por las siguientes entidades, Responsables del Tratamiento de los datos personales recogidos a trav\u00e9s de la presente p\u00e1gina web. ALSA RAIL, S.L.U., empresa titular de la p\u00e1gina web www.trendefelipeii.com. Calle Miguel Fleta, 4, 28037, Madrid CIF B-83769729 Inscrita en el RM de Madrid, al Tomo 25806, Folio 201, Secci\u00f3n 8. Hoja M-16079. Direcci\u00f3n de correo electr\u00f3nico: asesoria@alsa.es. VIAJES ALSA, S.A.U., empresa que comercializa los servicios ofrecidos en www.trendefelipesii.com., agencia de viajes on-line, con domicilio social en Calle Miguel Fleta, 4, 28037, Madrid, CIF A-28689891, inscrita en el Registro&hellip;<\/p>\n","category_list_v2":"","author_info_v2":{"name":"trenfelipeii","url":"https:\/\/www.trendefelipeii.com\/es\/author\/trenfelipeii\/"},"comments_num_v2":"0 comentarios","yoast_head":"<!-- This site is optimized with the Yoast SEO plugin v18.0 - https:\/\/yoast.com\/wordpress\/plugins\/seo\/ -->\n<title>Pol\u00edtica de Privacidad - Tren de Felipe II<\/title>\n<meta name=\"robots\" content=\"index, follow, max-snippet:-1, max-image-preview:large, max-video-preview:-1\" \/>\n<link rel=\"canonical\" href=\"https:\/\/www.trendefelipeii.com\/es\/privacidad\/\" \/>\n<meta property=\"og:locale\" content=\"es_ES\" \/>\n<meta property=\"og:type\" content=\"article\" \/>\n<meta property=\"og:title\" content=\"Pol\u00edtica de Privacidad - Tren de Felipe II\" \/>\n<meta property=\"og:description\" content=\"1. Responsable del Tratamiento. Los datos personales recogidos ser\u00e1n objeto de tratamiento por las siguientes entidades, Responsables del Tratamiento de los datos personales recogidos a trav\u00e9s de la presente p\u00e1gina web. ALSA RAIL, S.L.U., empresa titular de la p\u00e1gina web www.trendefelipeii.com. Calle Miguel Fleta, 4, 28037, Madrid CIF B-83769729 Inscrita en el RM de Madrid, [&hellip;]\" \/>\n<meta property=\"og:url\" content=\"https:\/\/www.trendefelipeii.com\/es\/privacidad\/\" \/>\n<meta property=\"og:site_name\" content=\"Tren de Felipe II\" \/>\n<meta property=\"article:modified_time\" content=\"2019-09-27T21:12:35+00:00\" \/>\n<meta property=\"og:image\" content=\"https:\/\/www.trendefelipeii.com\/wp-content\/uploads\/2019\/08\/1508681041909.jpg\" \/>\n\t<meta property=\"og:image:width\" content=\"2160\" \/>\n\t<meta property=\"og:image:height\" content=\"1215\" \/>\n\t<meta property=\"og:image:type\" content=\"image\/jpeg\" \/>\n<meta name=\"twitter:card\" content=\"summary_large_image\" \/>\n<meta name=\"twitter:label1\" content=\"Tiempo de lectura\" \/>\n\t<meta name=\"twitter:data1\" content=\"8 minutos\" \/>\n<script type=\"application\/ld+json\" class=\"yoast-schema-graph\">{\"@context\":\"https:\/\/schema.org\",\"@graph\":[{\"@type\":\"WebSite\",\"@id\":\"https:\/\/www.trendefelipeii.com\/es\/#website\",\"url\":\"https:\/\/www.trendefelipeii.com\/es\/\",\"name\":\"Tren de Felipe II\",\"description\":\"Un viaje apasionante a otra \u00e9poca\",\"potentialAction\":[{\"@type\":\"SearchAction\",\"target\":{\"@type\":\"EntryPoint\",\"urlTemplate\":\"https:\/\/www.trendefelipeii.com\/es\/?s={search_term_string}\"},\"query-input\":\"required name=search_term_string\"}],\"inLanguage\":\"es\"},{\"@type\":\"ImageObject\",\"@id\":\"https:\/\/www.trendefelipeii.com\/es\/privacidad\/#primaryimage\",\"inLanguage\":\"es\",\"url\":\"https:\/\/www.trendefelipeii.com\/wp-content\/uploads\/2019\/08\/1508681041909.jpg\",\"contentUrl\":\"https:\/\/www.trendefelipeii.com\/wp-content\/uploads\/2019\/08\/1508681041909.jpg\",\"width\":2160,\"height\":1215},{\"@type\":\"WebPage\",\"@id\":\"https:\/\/www.trendefelipeii.com\/es\/privacidad\/#webpage\",\"url\":\"https:\/\/www.trendefelipeii.com\/es\/privacidad\/\",\"name\":\"Pol\u00edtica de Privacidad - Tren de Felipe II\",\"isPartOf\":{\"@id\":\"https:\/\/www.trendefelipeii.com\/es\/#website\"},\"primaryImageOfPage\":{\"@id\":\"https:\/\/www.trendefelipeii.com\/es\/privacidad\/#primaryimage\"},\"datePublished\":\"2019-08-09T00:03:34+00:00\",\"dateModified\":\"2019-09-27T21:12:35+00:00\",\"breadcrumb\":{\"@id\":\"https:\/\/www.trendefelipeii.com\/es\/privacidad\/#breadcrumb\"},\"inLanguage\":\"es\",\"potentialAction\":[{\"@type\":\"ReadAction\",\"target\":[\"https:\/\/www.trendefelipeii.com\/es\/privacidad\/\"]}]},{\"@type\":\"BreadcrumbList\",\"@id\":\"https:\/\/www.trendefelipeii.com\/es\/privacidad\/#breadcrumb\",\"itemListElement\":[{\"@type\":\"ListItem\",\"position\":1,\"name\":\"Inicio\",\"item\":\"https:\/\/www.trendefelipeii.com\/es\/\"},{\"@type\":\"ListItem\",\"position\":2,\"name\":\"Pol\u00edtica de Privacidad\"}]}]}<\/script>\n<!-- \/ Yoast SEO plugin. -->","yoast_head_json":{"title":"Pol\u00edtica de Privacidad - Tren de Felipe II","robots":{"index":"index","follow":"follow","max-snippet":"max-snippet:-1","max-image-preview":"max-image-preview:large","max-video-preview":"max-video-preview:-1"},"canonical":"https:\/\/www.trendefelipeii.com\/es\/privacidad\/","og_locale":"es_ES","og_type":"article","og_title":"Pol\u00edtica de Privacidad - Tren de Felipe II","og_description":"1. Responsable del Tratamiento. Los datos personales recogidos ser\u00e1n objeto de tratamiento por las siguientes entidades, Responsables del Tratamiento de los datos personales recogidos a trav\u00e9s de la presente p\u00e1gina web. ALSA RAIL, S.L.U., empresa titular de la p\u00e1gina web www.trendefelipeii.com. Calle Miguel Fleta, 4, 28037, Madrid CIF B-83769729 Inscrita en el RM de Madrid, [&hellip;]","og_url":"https:\/\/www.trendefelipeii.com\/es\/privacidad\/","og_site_name":"Tren de Felipe II","article_modified_time":"2019-09-27T21:12:35+00:00","og_image":[{"width":2160,"height":1215,"url":"https:\/\/www.trendefelipeii.com\/wp-content\/uploads\/2019\/08\/1508681041909.jpg","type":"image\/jpeg"}],"twitter_card":"summary_large_image","twitter_misc":{"Tiempo de lectura":"8 minutos"},"schema":{"@context":"https:\/\/schema.org","@graph":[{"@type":"WebSite","@id":"https:\/\/www.trendefelipeii.com\/es\/#website","url":"https:\/\/www.trendefelipeii.com\/es\/","name":"Tren de Felipe II","description":"Un viaje apasionante a otra \u00e9poca","potentialAction":[{"@type":"SearchAction","target":{"@type":"EntryPoint","urlTemplate":"https:\/\/www.trendefelipeii.com\/es\/?s={search_term_string}"},"query-input":"required name=search_term_string"}],"inLanguage":"es"},{"@type":"ImageObject","@id":"https:\/\/www.trendefelipeii.com\/es\/privacidad\/#primaryimage","inLanguage":"es","url":"https:\/\/www.trendefelipeii.com\/wp-content\/uploads\/2019\/08\/1508681041909.jpg","contentUrl":"https:\/\/www.trendefelipeii.com\/wp-content\/uploads\/2019\/08\/1508681041909.jpg","width":2160,"height":1215},{"@type":"WebPage","@id":"https:\/\/www.trendefelipeii.com\/es\/privacidad\/#webpage","url":"https:\/\/www.trendefelipeii.com\/es\/privacidad\/","name":"Pol\u00edtica de Privacidad - Tren de Felipe II","isPartOf":{"@id":"https:\/\/www.trendefelipeii.com\/es\/#website"},"primaryImageOfPage":{"@id":"https:\/\/www.trendefelipeii.com\/es\/privacidad\/#primaryimage"},"datePublished":"2019-08-09T00:03:34+00:00","dateModified":"2019-09-27T21:12:35+00:00","breadcrumb":{"@id":"https:\/\/www.trendefelipeii.com\/es\/privacidad\/#breadcrumb"},"inLanguage":"es","potentialAction":[{"@type":"ReadAction","target":["https:\/\/www.trendefelipeii.com\/es\/privacidad\/"]}]},{"@type":"BreadcrumbList","@id":"https:\/\/www.trendefelipeii.com\/es\/privacidad\/#breadcrumb","itemListElement":[{"@type":"ListItem","position":1,"name":"Inicio","item":"https:\/\/www.trendefelipeii.com\/es\/"},{"@type":"ListItem","position":2,"name":"Pol\u00edtica de Privacidad"}]}]}},"_links":{"self":[{"href":"https:\/\/www.trendefelipeii.com\/es\/wp-json\/wp\/v2\/pages\/527"}],"collection":[{"href":"https:\/\/www.trendefelipeii.com\/es\/wp-json\/wp\/v2\/pages"}],"about":[{"href":"https:\/\/www.trendefelipeii.com\/es\/wp-json\/wp\/v2\/types\/page"}],"author":[{"embeddable":true,"href":"https:\/\/www.trendefelipeii.com\/es\/wp-json\/wp\/v2\/users\/1"}],"replies":[{"embeddable":true,"href":"https:\/\/www.trendefelipeii.com\/es\/wp-json\/wp\/v2\/comments?post=527"}],"version-history":[{"count":3,"href":"https:\/\/www.trendefelipeii.com\/es\/wp-json\/wp\/v2\/pages\/527\/revisions"}],"predecessor-version":[{"id":530,"href":"https:\/\/www.trendefelipeii.com\/es\/wp-json\/wp\/v2\/pages\/527\/revisions\/530"}],"wp:featuredmedia":[{"embeddable":true,"href":"https:\/\/www.trendefelipeii.com\/es\/wp-json\/wp\/v2\/media\/388"}],"wp:attachment":[{"href":"https:\/\/www.trendefelipeii.com\/es\/wp-json\/wp\/v2\/media?parent=527"}],"curies":[{"name":"wp","href":"https:\/\/api.w.org\/{rel}","templated":true}]}}